{"id":16239,"date":"2025-07-04T18:34:12","date_gmt":"2025-07-04T18:34:12","guid":{"rendered":"https:\/\/ferkart.com\/?page_id=16239"},"modified":"2025-09-30T14:20:24","modified_gmt":"2025-09-30T14:20:24","slug":"politica-de-privacidad","status":"publish","type":"page","link":"https:\/\/ferkart.com\/es\/privacy-policy\/","title":{"rendered":"Pol\u00edtica de privacidad | Ferkart"},"content":{"rendered":"<div data-elementor-type=\"wp-page\" data-elementor-id=\"16239\" class=\"elementor elementor-16239\" data-elementor-post-type=\"page\">\n\t\t\t\t\t\t<section class=\"elementor-section elementor-top-section elementor-element elementor-element-9a02497 elementor-section-height-min-height elementor-section-boxed elementor-section-height-default elementor-section-items-middle\" data-id=\"9a02497\" data-element_type=\"section\" data-e-type=\"section\" data-settings=\"{&quot;background_background&quot;:&quot;classic&quot;}\">\n\t\t\t\t\t\t\t<div class=\"elementor-background-overlay\"><\/div>\n\t\t\t\t\t\t\t<div class=\"elementor-container elementor-column-gap-default\">\n\t\t\t\t\t<div class=\"elementor-column elementor-col-100 elementor-top-column elementor-element elementor-element-31da5de\" data-id=\"31da5de\" data-element_type=\"column\" data-e-type=\"column\">\n\t\t\t<div class=\"elementor-widget-wrap elementor-element-populated\">\n\t\t\t\t\t\t<div class=\"elementor-element elementor-element-ca1f8fb animated-slow elementor-invisible elementor-widget elementor-widget-heading\" data-id=\"ca1f8fb\" data-element_type=\"widget\" data-e-type=\"widget\" data-settings=\"{&quot;_animation&quot;:&quot;fadeIn&quot;}\" data-widget_type=\"heading.default\">\n\t\t\t\t<div class=\"elementor-widget-container\">\n\t\t\t\t\t<h1 class=\"elementor-heading-title elementor-size-default\">pol\u00edtica de privacidad<\/h1>\t\t\t\t<\/div>\n\t\t\t\t<\/div>\n\t\t\t\t\t<\/div>\n\t\t<\/div>\n\t\t\t\t\t<\/div>\n\t\t<\/section>\n\t\t<div class=\"elementor-element elementor-element-bb6a738 e-flex e-con-boxed e-con e-parent\" data-id=\"bb6a738\" data-element_type=\"container\" data-e-type=\"container\" data-settings=\"{&quot;background_background&quot;:&quot;classic&quot;,&quot;shape_divider_bottom&quot;:&quot;opacity-fan&quot;}\">\n\t\t\t\t\t<div class=\"e-con-inner\">\n\t\t\t\t<div class=\"elementor-shape elementor-shape-bottom\" aria-hidden=\"true\" data-negative=\"false\">\n\t\t\t<svg xmlns=\"http:\/\/www.w3.org\/2000\/svg\" viewbox=\"0 0 283.5 19.6\" preserveaspectratio=\"none\">\n\t<path class=\"elementor-shape-fill\" style=\"opacity:0.33\" d=\"M0 0L0 18.8 141.8 4.1 283.5 18.8 283.5 0z\"\/>\n\t<path class=\"elementor-shape-fill\" style=\"opacity:0.33\" d=\"M0 0L0 12.6 141.8 4 283.5 12.6 283.5 0z\"\/>\n\t<path class=\"elementor-shape-fill\" style=\"opacity:0.33\" d=\"M0 0L0 6.4 141.8 4 283.5 6.4 283.5 0z\"\/>\n\t<path class=\"elementor-shape-fill\" d=\"M0 0L0 1.2 141.8 4 283.5 1.2 283.5 0z\"\/>\n<\/svg>\t\t<\/div>\n\t\t<div class=\"elementor-element elementor-element-02d8d91 e-con-full e-flex e-con e-child\" data-id=\"02d8d91\" data-element_type=\"container\" data-e-type=\"container\">\n\t\t<div class=\"elementor-element elementor-element-417dace e-con-full e-flex e-con e-child\" data-id=\"417dace\" data-element_type=\"container\" data-e-type=\"container\">\n\t\t\t\t<div class=\"elementor-element elementor-element-9468efa elementor-widget elementor-widget-heading\" data-id=\"9468efa\" data-element_type=\"widget\" data-e-type=\"widget\" data-widget_type=\"heading.default\">\n\t\t\t\t<div class=\"elementor-widget-container\">\n\t\t\t\t\t<h2 class=\"elementor-heading-title elementor-size-default\">Lo \u00fanico que rastreamos es el tiempo de vuelta.<\/h2>\t\t\t\t<\/div>\n\t\t\t\t<\/div>\n\t\t\t\t<div class=\"elementor-element elementor-element-80d37aa elementor-widget elementor-widget-text-editor\" data-id=\"80d37aa\" data-element_type=\"widget\" data-e-type=\"widget\" data-widget_type=\"text-editor.default\">\n\t\t\t\t<div class=\"elementor-widget-container\">\n\t\t\t\t\t\t\t\t\t<p data-start=\"95\" data-end=\"388\">En Ferkart, la protecci\u00f3n de tus datos es tan importante para nosotros como el rendimiento y la seguridad en la pista. Descubre c\u00f3mo recopilamos, usamos y protegemos tu informaci\u00f3n personal.<\/p>\t\t\t\t\t\t\t\t<\/div>\n\t\t\t\t<\/div>\n\t\t\t\t<\/div>\n\t\t\t\t<\/div>\n\t\t\t\t\t<\/div>\n\t\t\t\t<\/div>\n\t\t\t\t<section class=\"elementor-section elementor-top-section elementor-element elementor-element-56e1a9a elementor-section-boxed elementor-section-height-default elementor-section-height-default\" data-id=\"56e1a9a\" data-element_type=\"section\" data-e-type=\"section\" data-settings=\"{&quot;background_background&quot;:&quot;classic&quot;}\">\n\t\t\t\t\t\t<div class=\"elementor-container elementor-column-gap-default\">\n\t\t\t\t\t<div class=\"elementor-column elementor-col-100 elementor-top-column elementor-element elementor-element-e6f65d2\" data-id=\"e6f65d2\" data-element_type=\"column\" data-e-type=\"column\" data-settings=\"{&quot;background_background&quot;:&quot;classic&quot;}\">\n\t\t\t<div class=\"elementor-widget-wrap elementor-element-populated\">\n\t\t\t\t\t\t<div class=\"elementor-element elementor-element-7b62daf elementor-widget elementor-widget-text-editor\" data-id=\"7b62daf\" data-element_type=\"widget\" data-e-type=\"widget\" data-widget_type=\"text-editor.default\">\n\t\t\t\t<div class=\"elementor-widget-container\">\n\t\t\t\t\t\t\t\t\t<h2><span style=\"font-family: Race-Sport, sans-serif; font-size: 20px; color: #000000;\">pol\u00edtica de privacidad<\/span><\/h2><p><span style=\"color: #000000;\">Esta Pol\u00edtica de Privacidad describe las pr\u00e1cticas de <strong>Ferkart LLC<\/strong>, ubicado en 610 E Zack St Ste 110, Florida 33602, Estados Unidos. Describe c\u00f3mo recopilamos, usamos y divulgamos su informaci\u00f3n personal cuando visita nuestro sitio web.<\/span><a href=\"https:\/\/ferkart.com\/es\/\" target=\"_blank\" rel=\"noopener\">https:\/\/ferkart.com<\/a><span style=\"color: #000000;\">) (el \u201cServicio\u201d).<\/span><\/p><p><span style=\"color: #000000;\">Al acceder o utilizar el Servicio, usted acepta la recopilaci\u00f3n y el uso de su informaci\u00f3n de acuerdo con esta Pol\u00edtica de Privacidad. Si no la acepta, le rogamos que no utilice el Servicio.<\/span><\/p><h2><span style=\"font-family: Race-Sport, sans-serif; font-size: 20px; color: #000000;\">Informaci\u00f3n que recopilamos<\/span><\/h2><p><span style=\"color: #000000;\">Podemos recopilar y procesar la siguiente informaci\u00f3n personal suya:<\/span><\/p><ul><li><span style=\"color: #000000;\">Nombre<\/span><\/li><li><span style=\"color: #000000;\">Email<\/span><\/li><li><span style=\"color: #000000;\">N\u00famero de tel\u00e9fono m\u00f3vil<\/span><\/li><li><span style=\"color: #000000;\"><span style=\"color: #000000;\"><span style=\"color: #000000;\">Pa\u00eds<\/span><\/span><\/span><\/li><\/ul><h2><span style=\"font-family: Race-Sport, sans-serif; font-size: 20px; color: #000000;\">C\u00f3mo usamos su informaci\u00f3n<\/span><\/h2><p><span style=\"color: #000000;\">Utilizamos la informaci\u00f3n que recopilamos \u00fanicamente para los siguientes fines:<\/span><\/p><ul><li><span style=\"color: #000000;\">Comunicaciones de marketing y promoci\u00f3n<\/span><\/li><li><span style=\"color: #000000;\">Recopilaci\u00f3n de comentarios de los clientes<\/span><\/li><li><span style=\"color: #000000;\"><span style=\"color: #000000;\"><span style=\"color: #000000;\">Ponernos en contacto con usted en relaci\u00f3n con nuestros servicios<\/span><\/span><\/span><\/li><\/ul><div><span style=\"color: #000000;\">\u00a0<\/span><\/div><p><span style=\"color: #000000;\">Nosotros lo hacemos <strong>no<\/strong> utilizar su informaci\u00f3n personal para la elaboraci\u00f3n de perfiles, la toma de decisiones automatizada o vender\/alquilar su informaci\u00f3n a terceros.<\/span><\/p><p><span style=\"color: #000000;\">Si deseamos utilizar su informaci\u00f3n para cualquier otro prop\u00f3sito, solicitaremos su consentimiento y solo procederemos si est\u00e1 de acuerdo, a menos que lo requiera la ley.<\/span><\/p><h2><span style=\"font-family: Race-Sport, sans-serif; font-size: 20px; color: #000000;\">C\u00f3mo compartimos su informaci\u00f3n<\/span><\/h2><p><span style=\"color: #000000;\">No transferimos sus datos personales a terceros sin su consentimiento, excepto en las situaciones limitadas que se describen a continuaci\u00f3n:<\/span><\/p><ul><li><span style=\"color: #000000;\"><strong>Proveedores de an\u00e1lisis:<\/strong> Para ayudarnos a comprender el uso y el rendimiento del sitio web. Estos proveedores utilizan su informaci\u00f3n \u00fanicamente para el fin previsto y no deben conservarla m\u00e1s tiempo del necesario.<\/span><\/li><li><span style=\"color: #000000;\">Para cumplir con obligaciones legales u \u00f3rdenes judiciales<\/span><\/li><li><span style=\"color: #000000;\">Para hacer cumplir los acuerdos, incluida esta Pol\u00edtica de privacidad<\/span><\/li><li><span style=\"color: #000000;\">Para responder a reclamaciones de violaciones de derechos de terceros<\/span><\/li><li><span style=\"color: #000000;\"><span style=\"color: #000000;\"><span style=\"color: #000000;\">Si nuestra empresa es adquirida o fusionada, su informaci\u00f3n puede ser transferida como parte de esa transacci\u00f3n.<\/span><\/span><\/span><\/li><\/ul><div>\u00a0<\/div><p><span style=\"color: #000000;\">Nosotros lo hacemos <strong>no<\/strong> vender o alquilar su informaci\u00f3n personal a terceros.<\/span><\/p><h2><span style=\"font-family: Race-Sport, sans-serif; font-size: 20px; color: #000000;\">Retenci\u00f3n de su informaci\u00f3n<\/span><\/h2><p><span style=\"color: #000000;\">Conservamos la informaci\u00f3n personal entre 90 d\u00edas y 2 a\u00f1os tras la cancelaci\u00f3n de la cuenta de usuario, o durante el tiempo que sea necesario para cumplir el prop\u00f3sito para el que fue recopilada. Algunos datos podr\u00edan conservarse durante m\u00e1s tiempo para cumplir con obligaciones legales o por intereses leg\u00edtimos, como la prevenci\u00f3n del fraude.<\/span><\/p><p><span style=\"color: #000000;\">Los datos an\u00f3nimos y agregados que no lo identifiquen podr\u00e1n conservarse indefinidamente.<\/span><\/p><h2><span style=\"font-family: Race-Sport, sans-serif; font-size: 20px; color: #000000;\">Sus derechos<\/span><\/h2><p><span style=\"color: #000000;\">Dependiendo de su ubicaci\u00f3n, usted puede tener los siguientes derechos:<\/span><\/p><ul><li><span style=\"color: #000000;\">Acceder, corregir o eliminar sus datos<\/span><\/li><li><span style=\"color: #000000;\">Solicitar una copia de sus datos<\/span><\/li><li><span style=\"color: #000000;\">Restringir u oponerse al procesamiento de datos<\/span><\/li><li><span style=\"color: #000000;\">Solicitar portabilidad de datos a otro servicio<\/span><\/li><li><span style=\"color: #000000;\">Retirar el consentimiento previamente otorgado<\/span><\/li><li><span style=\"color: #000000;\"><span style=\"color: #000000;\"><span style=\"color: #000000;\">Presentar una reclamaci\u00f3n ante una autoridad de protecci\u00f3n de datos<\/span><\/span><\/span><\/li><\/ul><div><span style=\"color: #000000;\">\u00a0<\/span><\/div><p><span style=\"color: #000000;\">Para ejercer estos derechos, cont\u00e1ctenos en <a href=\"mailto:info@ferkart.com\">info@ferkart.com<\/a>Responderemos de conformidad con la legislaci\u00f3n aplicable.<\/span><\/p><p><span style=\"color: #000000;\">Tambi\u00e9n puede optar por no recibir comunicaciones de marketing directo o elaboraci\u00f3n de perfiles con fines de marketing comunic\u00e1ndose con la misma direcci\u00f3n de correo electr\u00f3nico.<\/span><\/p><p><span style=\"color: #000000;\"><strong>Tenga en cuenta:<\/strong> Rechazar o retirar el consentimiento puede limitar su capacidad para utilizar algunas funciones del Servicio.<\/span><\/p><h2><span style=\"font-family: Race-Sport, sans-serif; font-size: 20px; color: #000000;\">Cookies y tecnolog\u00edas de seguimiento<\/span><\/h2><p><span style=\"color: #000000;\">Utilizamos cookies y tecnolog\u00edas similares para mejorar su experiencia en nuestro sitio web, analizar el tr\u00e1fico y con fines de marketing.<\/span><\/p><p><span style=\"color: #000000;\">Para obtener informaci\u00f3n m\u00e1s detallada sobre c\u00f3mo utilizamos las cookies y sus opciones con respecto a ellas, consulte la <strong>Secci\u00f3n de cookies a continuaci\u00f3n<\/strong> (o <strong>nuestra Pol\u00edtica de Cookies<\/strong> si est\u00e1 separado).<\/span><\/p><h2><span style=\"font-family: Race-Sport, sans-serif; font-size: 20px; color: #000000;\">Privacidad de los ni\u00f1os<\/span><\/h2><p><span style=\"color: #000000;\">Nuestro Servicio no est\u00e1 dirigido a ni\u00f1os menores de 16 a\u00f1os. No recopilamos intencionalmente informaci\u00f3n personal de ni\u00f1os menores de 16 a\u00f1os. Si usted es padre, madre o tutor y cree que su hijo nos ha proporcionado informaci\u00f3n personal, cont\u00e1ctenos en <a href=\"mailto:info@ferkart.com\">info@ferkart.com<\/a> para que podamos tomar las medidas apropiadas.<\/span><\/p><h2><span style=\"font-family: Race-Sport, sans-serif; font-size: 20px; color: #000000;\">Seguridad<\/span><\/h2><p><span style=\"color: #000000;\">Utilizamos medidas de seguridad razonables para proteger sus datos. Sin embargo, ning\u00fan sistema es completamente seguro. Usted transmite informaci\u00f3n bajo su propio riesgo y no podemos garantizar una protecci\u00f3n absoluta contra el acceso no autorizado.<\/span><\/p><h2><span style=\"font-family: Race-Sport, sans-serif; font-size: 20px; color: #000000;\">Enlaces de terceros<\/span><\/h2><p><span style=\"color: #000000;\">Nuestro Servicio puede contener enlaces a sitios web externos que no operamos. Esta Pol\u00edtica de Privacidad no aplica a dichos terceros. Recomendamos encarecidamente revisar sus pol\u00edticas de privacidad antes de contratar sus servicios.<\/span><\/p><h2><span style=\"font-family: Race-Sport, sans-serif; font-size: 20px; color: #000000;\">Delegado de Quejas \/ Protecci\u00f3n de Datos<\/span><\/h2><p><span style=\"color: #000000;\">Si tiene alguna pregunta o inquietud sobre sus datos, puede comunicarse con nuestro Oficial de Quejas en:<\/span><\/p><p><span style=\"color: #000000;\"><strong>Ferkart LLC<\/strong><\/span><br \/><span style=\"color: #000000;\">610 E Zack St. Suite 110<\/span><br \/><span style=\"color: #000000;\">Tampa, Florida 33602<br \/>Estados Unidos<\/span><br \/><span style=\"color: #000000;\">Correo electr\u00f3nico: <a href=\"mailto:info@ferkart.com\">info@ferkart.com<\/a><\/span><\/p><p><span style=\"color: #000000;\">Abordaremos su inquietud de acuerdo con la legislaci\u00f3n aplicable.<\/span><\/p><h2><span style=\"font-family: Race-Sport, sans-serif; font-size: 20px; color: #000000;\">Direcci\u00f3n oficial de la empresa para avisos legales<\/span><\/h2><p><span style=\"color: #000000;\"><strong>Agente Registrado de Republic LLC<\/strong><\/span><br \/><span style=\"color: #000000;\">36 Russ Street, 3er piso<\/span><br data-start=\"689\" data-end=\"692\" \/><span style=\"color: #000000;\">Hartford, Connecticut 06106<br \/>Estados Unidos<\/span><\/p><p><span style=\"color: #000000;\"><strong>Fecha de entrada en vigor:<\/strong> 1 de julio de 2025<\/span><br \/><span style=\"color: #000000;\"><strong>\u00daltima actualizaci\u00f3n:<\/strong> 30 de septiembre de 2025<\/span><\/p>\t\t\t\t\t\t\t\t<\/div>\n\t\t\t\t<\/div>\n\t\t\t\t\t<\/div>\n\t\t<\/div>\n\t\t\t\t\t<\/div>\n\t\t<\/section>\n\t\t\t\t<\/div>","protected":false},"excerpt":{"rendered":"<p>Privacy Policy The only thing we track is lap time At Ferkart, your data protection is as important to us as performance and safety on the track. Learn how we collect, use, and safeguard your personal information. Privacy Policy This Privacy Policy outlines the practices of Ferkart LLC, located at 610 E Zack St Ste [&hellip;]<\/p>\n","protected":false},"author":10,"featured_media":0,"parent":0,"menu_order":0,"comment_status":"closed","ping_status":"closed","template":"elementor_header_footer","meta":{"footnotes":""},"class_list":["post-16239","page","type-page","status-publish","hentry"],"yoast_head":"<!-- This site is optimized with the Yoast SEO Premium plugin v27.4 (Yoast SEO v27.4) - https:\/\/yoast.com\/product\/yoast-seo-premium-wordpress\/ -->\n<title>Privacy Policy | Ferkart<\/title>\n<meta name=\"description\" content=\"Learn how Ferkart collects, uses, and protects your data. Read our Privacy Policy for details on security and customer rights.\" \/>\n<meta name=\"robots\" content=\"index, follow, max-snippet:-1, max-image-preview:large, max-video-preview:-1\" \/>\n<link rel=\"canonical\" href=\"https:\/\/ferkart.com\/es\/politica-de-privacidad\/\" \/>\n<meta property=\"og:locale\" content=\"es_MX\" \/>\n<meta property=\"og:type\" content=\"article\" \/>\n<meta property=\"og:title\" content=\"Privacy Policy | Ferkart\" \/>\n<meta property=\"og:description\" content=\"Learn how Ferkart collects, uses, and protects your data. Read our Privacy Policy for details on security and customer rights.\" \/>\n<meta property=\"og:url\" content=\"https:\/\/ferkart.com\/es\/politica-de-privacidad\/\" \/>\n<meta property=\"og:site_name\" content=\"Ferkart \u2013 Matchless Racing Experience\" \/>\n<meta property=\"article:publisher\" content=\"https:\/\/www.facebook.com\/ferkartofficial\" \/>\n<meta property=\"article:modified_time\" content=\"2025-09-30T14:20:24+00:00\" \/>\n<meta property=\"og:image\" content=\"https:\/\/ferkart.com\/wp-content\/uploads\/2025\/07\/Website-Snippet-FK.jpg\" \/>\n\t<meta property=\"og:image:width\" content=\"1785\" \/>\n\t<meta property=\"og:image:height\" content=\"1201\" \/>\n\t<meta property=\"og:image:type\" content=\"image\/jpeg\" \/>\n<meta name=\"twitter:card\" content=\"summary_large_image\" \/>\n<meta name=\"twitter:site\" content=\"@ferkartofficial\" \/>\n<meta name=\"twitter:label1\" content=\"Tiempo de lectura\" \/>\n\t<meta name=\"twitter:data1\" content=\"4 minutos\" \/>\n<script type=\"application\/ld+json\" class=\"yoast-schema-graph\">{\"@context\":\"https:\\\/\\\/schema.org\",\"@graph\":[{\"@type\":\"WebPage\",\"@id\":\"https:\\\/\\\/ferkart.com\\\/privacy-policy\\\/\",\"url\":\"https:\\\/\\\/ferkart.com\\\/privacy-policy\\\/\",\"name\":\"Privacy Policy | Ferkart\",\"isPartOf\":{\"@id\":\"https:\\\/\\\/ferkart.com\\\/#website\"},\"datePublished\":\"2025-07-04T18:34:12+00:00\",\"dateModified\":\"2025-09-30T14:20:24+00:00\",\"description\":\"Learn how Ferkart collects, uses, and protects your data. Read our Privacy Policy for details on security and customer rights.\",\"breadcrumb\":{\"@id\":\"https:\\\/\\\/ferkart.com\\\/privacy-policy\\\/#breadcrumb\"},\"inLanguage\":\"es\",\"potentialAction\":[{\"@type\":\"ReadAction\",\"target\":[\"https:\\\/\\\/ferkart.com\\\/privacy-policy\\\/\"]}]},{\"@type\":\"BreadcrumbList\",\"@id\":\"https:\\\/\\\/ferkart.com\\\/privacy-policy\\\/#breadcrumb\",\"itemListElement\":[{\"@type\":\"ListItem\",\"position\":1,\"name\":\"Home\",\"item\":\"https:\\\/\\\/ferkart.com\\\/\"},{\"@type\":\"ListItem\",\"position\":2,\"name\":\"Privacy Policy | Ferkart\"}]},{\"@type\":\"WebSite\",\"@id\":\"https:\\\/\\\/ferkart.com\\\/#website\",\"url\":\"https:\\\/\\\/ferkart.com\\\/\",\"name\":\"Ferkart\",\"description\":\"Ferkart manufactures high-performance electric and gasoline go-karts for the rental and commercial karting industry. Known for durability, reliability, and advanced technology, we deliver fast, safe, and thrilling racing experiences worldwide.\",\"publisher\":{\"@id\":\"https:\\\/\\\/ferkart.com\\\/#organization\"},\"potentialAction\":[{\"@type\":\"SearchAction\",\"target\":{\"@type\":\"EntryPoint\",\"urlTemplate\":\"https:\\\/\\\/ferkart.com\\\/?s={search_term_string}\"},\"query-input\":{\"@type\":\"PropertyValueSpecification\",\"valueRequired\":true,\"valueName\":\"search_term_string\"}}],\"inLanguage\":\"es\"},{\"@type\":\"Organization\",\"@id\":\"https:\\\/\\\/ferkart.com\\\/#organization\",\"name\":\"Ferkart\",\"url\":\"https:\\\/\\\/ferkart.com\\\/\",\"logo\":{\"@type\":\"ImageObject\",\"inLanguage\":\"es\",\"@id\":\"https:\\\/\\\/ferkart.com\\\/#\\\/schema\\\/logo\\\/image\\\/\",\"url\":\"https:\\\/\\\/ferkart.com\\\/wp-content\\\/uploads\\\/2025\\\/07\\\/Ferkart-Email-Signature.png\",\"contentUrl\":\"https:\\\/\\\/ferkart.com\\\/wp-content\\\/uploads\\\/2025\\\/07\\\/Ferkart-Email-Signature.png\",\"width\":2560,\"height\":2560,\"caption\":\"Ferkart\"},\"image\":{\"@id\":\"https:\\\/\\\/ferkart.com\\\/#\\\/schema\\\/logo\\\/image\\\/\"},\"sameAs\":[\"https:\\\/\\\/www.facebook.com\\\/ferkartofficial\",\"https:\\\/\\\/x.com\\\/ferkartofficial\",\"https:\\\/\\\/instagram.com\\\/ferkartofficial\",\"https:\\\/\\\/www.youtube.com\\\/@ferkartofficial\"],\"description\":\"Ferkart is a global leader in the design and manufacturing of premium rental go-karts and turnkey karting solutions. We specialize in both electric go-karts and gasoline-powered karts, engineered to deliver unmatched performance, durability, and driver satisfaction.\",\"email\":\"info@ferkart.com\",\"telephone\":\"6469464405\",\"legalName\":\"Ferkart LLC\",\"foundingDate\":\"2019-04-26\",\"numberOfEmployees\":{\"@type\":\"QuantitativeValue\",\"minValue\":\"11\",\"maxValue\":\"50\"}}]}<\/script>\n<!-- \/ Yoast SEO Premium plugin. -->","yoast_head_json":{"title":"Pol\u00edtica de privacidad | Ferkart","description":"Descubra c\u00f3mo Ferkart recopila, utiliza y protege sus datos. Lea nuestra Pol\u00edtica de Privacidad para obtener m\u00e1s informaci\u00f3n sobre seguridad y derechos del cliente.","robots":{"index":"index","follow":"follow","max-snippet":"max-snippet:-1","max-image-preview":"max-image-preview:large","max-video-preview":"max-video-preview:-1"},"canonical":"https:\/\/ferkart.com\/es\/politica-de-privacidad\/","og_locale":"es_MX","og_type":"article","og_title":"Privacy Policy | Ferkart","og_description":"Learn how Ferkart collects, uses, and protects your data. Read our Privacy Policy for details on security and customer rights.","og_url":"https:\/\/ferkart.com\/es\/politica-de-privacidad\/","og_site_name":"Ferkart \u2013 Matchless Racing Experience","article_publisher":"https:\/\/www.facebook.com\/ferkartofficial","article_modified_time":"2025-09-30T14:20:24+00:00","og_image":[{"width":1785,"height":1201,"url":"https:\/\/ferkart.com\/wp-content\/uploads\/2025\/07\/Website-Snippet-FK.jpg","type":"image\/jpeg"}],"twitter_card":"summary_large_image","twitter_site":"@ferkartofficial","twitter_misc":{"Tiempo de lectura":"4 minutos"},"schema":{"@context":"https:\/\/schema.org","@graph":[{"@type":"WebPage","@id":"https:\/\/ferkart.com\/privacy-policy\/","url":"https:\/\/ferkart.com\/privacy-policy\/","name":"Pol\u00edtica de privacidad | Ferkart","isPartOf":{"@id":"https:\/\/ferkart.com\/#website"},"datePublished":"2025-07-04T18:34:12+00:00","dateModified":"2025-09-30T14:20:24+00:00","description":"Descubra c\u00f3mo Ferkart recopila, utiliza y protege sus datos. Lea nuestra Pol\u00edtica de Privacidad para obtener m\u00e1s informaci\u00f3n sobre seguridad y derechos del cliente.","breadcrumb":{"@id":"https:\/\/ferkart.com\/privacy-policy\/#breadcrumb"},"inLanguage":"es","potentialAction":[{"@type":"ReadAction","target":["https:\/\/ferkart.com\/privacy-policy\/"]}]},{"@type":"BreadcrumbList","@id":"https:\/\/ferkart.com\/privacy-policy\/#breadcrumb","itemListElement":[{"@type":"ListItem","position":1,"name":"Home","item":"https:\/\/ferkart.com\/"},{"@type":"ListItem","position":2,"name":"Privacy Policy | Ferkart"}]},{"@type":"WebSite","@id":"https:\/\/ferkart.com\/#website","url":"https:\/\/ferkart.com\/","name":"Ferkart","description":"Ferkart fabrica karts el\u00e9ctricos y de gasolina de alto rendimiento para la industria del karting comercial y de alquiler. Conocidos por su durabilidad, fiabilidad y tecnolog\u00eda avanzada, ofrecemos experiencias de carreras r\u00e1pidas, seguras y emocionantes en todo el mundo.","publisher":{"@id":"https:\/\/ferkart.com\/#organization"},"potentialAction":[{"@type":"SearchAction","target":{"@type":"EntryPoint","urlTemplate":"https:\/\/ferkart.com\/?s={search_term_string}"},"query-input":{"@type":"PropertyValueSpecification","valueRequired":true,"valueName":"search_term_string"}}],"inLanguage":"es"},{"@type":"Organization","@id":"https:\/\/ferkart.com\/#organization","name":"Ferkart","url":"https:\/\/ferkart.com\/","logo":{"@type":"ImageObject","inLanguage":"es","@id":"https:\/\/ferkart.com\/#\/schema\/logo\/image\/","url":"https:\/\/ferkart.com\/wp-content\/uploads\/2025\/07\/Ferkart-Email-Signature.png","contentUrl":"https:\/\/ferkart.com\/wp-content\/uploads\/2025\/07\/Ferkart-Email-Signature.png","width":2560,"height":2560,"caption":"Ferkart"},"image":{"@id":"https:\/\/ferkart.com\/#\/schema\/logo\/image\/"},"sameAs":["https:\/\/www.facebook.com\/ferkartofficial","https:\/\/x.com\/ferkartofficial","https:\/\/instagram.com\/ferkartofficial","https:\/\/www.youtube.com\/@ferkartofficial"],"description":"Ferkart es l\u00edder mundial en el dise\u00f1o y la fabricaci\u00f3n de karts premium de alquiler y soluciones integrales de karting. Nos especializamos en karts el\u00e9ctricos y de gasolina, dise\u00f1ados para ofrecer un rendimiento, una durabilidad y una satisfacci\u00f3n del conductor inigualables.","email":"info@ferkart.com","telephone":"6469464405","legalName":"Ferkart LLC","foundingDate":"2019-04-26","numberOfEmployees":{"@type":"QuantitativeValue","minValue":"11","maxValue":"50"}}]}},"_links":{"self":[{"href":"https:\/\/ferkart.com\/es\/wp-json\/wp\/v2\/pages\/16239","targetHints":{"allow":["GET"]}}],"collection":[{"href":"https:\/\/ferkart.com\/es\/wp-json\/wp\/v2\/pages"}],"about":[{"href":"https:\/\/ferkart.com\/es\/wp-json\/wp\/v2\/types\/page"}],"author":[{"embeddable":true,"href":"https:\/\/ferkart.com\/es\/wp-json\/wp\/v2\/users\/10"}],"replies":[{"embeddable":true,"href":"https:\/\/ferkart.com\/es\/wp-json\/wp\/v2\/comments?post=16239"}],"version-history":[{"count":0,"href":"https:\/\/ferkart.com\/es\/wp-json\/wp\/v2\/pages\/16239\/revisions"}],"wp:attachment":[{"href":"https:\/\/ferkart.com\/es\/wp-json\/wp\/v2\/media?parent=16239"}],"curies":[{"name":"gracias","href":"https:\/\/api.w.org\/{rel}","templated":true}]}}