{"id":16283,"date":"2025-07-04T19:19:33","date_gmt":"2025-07-04T19:19:33","guid":{"rendered":"https:\/\/ferkart.com\/?page_id=16283"},"modified":"2025-09-30T14:19:03","modified_gmt":"2025-09-30T14:19:03","slug":"terminos-y-condiciones","status":"publish","type":"page","link":"https:\/\/ferkart.com\/es\/terms-and-conditions\/","title":{"rendered":"T\u00e9rminos y condiciones | Ferkart"},"content":{"rendered":"<div data-elementor-type=\"wp-page\" data-elementor-id=\"16283\" class=\"elementor elementor-16283\" data-elementor-post-type=\"page\">\n\t\t\t\t\t\t<section class=\"elementor-section elementor-top-section elementor-element elementor-element-9a02497 elementor-section-height-min-height elementor-section-boxed elementor-section-height-default elementor-section-items-middle\" data-id=\"9a02497\" data-element_type=\"section\" data-e-type=\"section\" data-settings=\"{&quot;background_background&quot;:&quot;classic&quot;}\">\n\t\t\t\t\t\t\t<div class=\"elementor-background-overlay\"><\/div>\n\t\t\t\t\t\t\t<div class=\"elementor-container elementor-column-gap-default\">\n\t\t\t\t\t<div class=\"elementor-column elementor-col-100 elementor-top-column elementor-element elementor-element-31da5de\" data-id=\"31da5de\" data-element_type=\"column\" data-e-type=\"column\">\n\t\t\t<div class=\"elementor-widget-wrap elementor-element-populated\">\n\t\t\t\t\t\t<div class=\"elementor-element elementor-element-ca1f8fb animated-slow elementor-invisible elementor-widget elementor-widget-heading\" data-id=\"ca1f8fb\" data-element_type=\"widget\" data-e-type=\"widget\" data-settings=\"{&quot;_animation&quot;:&quot;fadeIn&quot;}\" data-widget_type=\"heading.default\">\n\t\t\t\t<div class=\"elementor-widget-container\">\n\t\t\t\t\t<h1 class=\"elementor-heading-title elementor-size-default\">T\u00e9rminos y condiciones<\/h1>\t\t\t\t<\/div>\n\t\t\t\t<\/div>\n\t\t\t\t\t<\/div>\n\t\t<\/div>\n\t\t\t\t\t<\/div>\n\t\t<\/section>\n\t\t<div class=\"elementor-element elementor-element-bb6a738 e-flex e-con-boxed e-con e-parent\" data-id=\"bb6a738\" data-element_type=\"container\" data-e-type=\"container\" data-settings=\"{&quot;background_background&quot;:&quot;classic&quot;,&quot;shape_divider_bottom&quot;:&quot;opacity-fan&quot;}\">\n\t\t\t\t\t<div class=\"e-con-inner\">\n\t\t\t\t<div class=\"elementor-shape elementor-shape-bottom\" aria-hidden=\"true\" data-negative=\"false\">\n\t\t\t<svg xmlns=\"http:\/\/www.w3.org\/2000\/svg\" viewbox=\"0 0 283.5 19.6\" preserveaspectratio=\"none\">\n\t<path class=\"elementor-shape-fill\" style=\"opacity:0.33\" d=\"M0 0L0 18.8 141.8 4.1 283.5 18.8 283.5 0z\"\/>\n\t<path class=\"elementor-shape-fill\" style=\"opacity:0.33\" d=\"M0 0L0 12.6 141.8 4 283.5 12.6 283.5 0z\"\/>\n\t<path class=\"elementor-shape-fill\" style=\"opacity:0.33\" d=\"M0 0L0 6.4 141.8 4 283.5 6.4 283.5 0z\"\/>\n\t<path class=\"elementor-shape-fill\" d=\"M0 0L0 1.2 141.8 4 283.5 1.2 283.5 0z\"\/>\n<\/svg>\t\t<\/div>\n\t\t<div class=\"elementor-element elementor-element-02d8d91 e-con-full e-flex e-con e-child\" data-id=\"02d8d91\" data-element_type=\"container\" data-e-type=\"container\">\n\t\t<div class=\"elementor-element elementor-element-417dace e-con-full e-flex e-con e-child\" data-id=\"417dace\" data-element_type=\"container\" data-e-type=\"container\">\n\t\t\t\t<div class=\"elementor-element elementor-element-9468efa elementor-widget elementor-widget-heading\" data-id=\"9468efa\" data-element_type=\"widget\" data-e-type=\"widget\" data-widget_type=\"heading.default\">\n\t\t\t\t<div class=\"elementor-widget-container\">\n\t\t\t\t\t<h2 class=\"elementor-heading-title elementor-size-default\">Conduzca con seguridad: conozca las reglas antes de competir<\/h2>\t\t\t\t<\/div>\n\t\t\t\t<\/div>\n\t\t\t\t<div class=\"elementor-element elementor-element-80d37aa elementor-widget elementor-widget-text-editor\" data-id=\"80d37aa\" data-element_type=\"widget\" data-e-type=\"widget\" data-widget_type=\"text-editor.default\">\n\t\t\t\t<div class=\"elementor-widget-container\">\n\t\t\t\t\t\t\t\t\t<p data-start=\"95\" data-end=\"388\">En Ferkart, al igual que en la pista, unas reglas claras garantizan un funcionamiento fluido. Antes de usar nuestro sitio web o nuestros servicios, lea atentamente estos t\u00e9rminos. En ellos se establecen sus derechos y responsabilidades al usar los productos, servicios y recursos en l\u00ednea de Ferkart. Mantengamos la rapidez, la justicia y la diversi\u00f3n.<\/p>\t\t\t\t\t\t\t\t<\/div>\n\t\t\t\t<\/div>\n\t\t\t\t<\/div>\n\t\t\t\t<\/div>\n\t\t\t\t\t<\/div>\n\t\t\t\t<\/div>\n\t\t\t\t<section class=\"elementor-section elementor-top-section elementor-element elementor-element-56e1a9a elementor-section-boxed elementor-section-height-default elementor-section-height-default\" data-id=\"56e1a9a\" data-element_type=\"section\" data-e-type=\"section\" data-settings=\"{&quot;background_background&quot;:&quot;classic&quot;}\">\n\t\t\t\t\t\t<div class=\"elementor-container elementor-column-gap-default\">\n\t\t\t\t\t<div class=\"elementor-column elementor-col-100 elementor-top-column elementor-element elementor-element-e6f65d2\" data-id=\"e6f65d2\" data-element_type=\"column\" data-e-type=\"column\" data-settings=\"{&quot;background_background&quot;:&quot;classic&quot;}\">\n\t\t\t<div class=\"elementor-widget-wrap elementor-element-populated\">\n\t\t\t\t\t\t<div class=\"elementor-element elementor-element-7b62daf elementor-widget elementor-widget-text-editor\" data-id=\"7b62daf\" data-element_type=\"widget\" data-e-type=\"widget\" data-widget_type=\"text-editor.default\">\n\t\t\t\t<div class=\"elementor-widget-container\">\n\t\t\t\t\t\t\t\t\t<h2><span style=\"color: #000000; font-family: Race-Sport, sans-serif; font-size: 20px;\">1. Propiedad y uso del sitio<\/span><\/h2><p><span style=\"color: #000000;\">Este sitio web (<a href=\"https:\/\/ferkart.com\/es\/\">https:\/\/ferkart.com<\/a>) es propiedad exclusiva de Ferkart LLC (\u201cFerkart\u201d). Al acceder o utilizar este sitio web, usted acepta cumplir con estos T\u00e9rminos y Condiciones y con todas las leyes aplicables. Si no est\u00e1 de acuerdo con estos t\u00e9rminos, le rogamos que no utilice el sitio web.<\/span><\/p><p><span style=\"color: #000000;\">Ferkart se reserva el derecho de actualizar o modificar estos T\u00e9rminos en cualquier momento sin previo aviso. El uso continuado del sitio despu\u00e9s de los cambios implica la aceptaci\u00f3n de los T\u00e9rminos actualizados.<\/span><\/p><h2><span style=\"color: #000000; font-family: Race-Sport, sans-serif; font-size: 20px;\">2. Derechos de propiedad intelectual<\/span><\/h2><p><span style=\"color: #000000;\">Todo el contenido de este sitio web, incluyendo, entre otros, textos, im\u00e1genes, gr\u00e1ficos, logotipos, marcas comerciales, dise\u00f1os, software y compilaciones de datos, es propiedad de Ferkart LLC o se utiliza bajo licencia. La marca comercial \u00abFerkart\u00bb y sus logotipos asociados son marcas registradas de Ferkart LLC.<\/span><\/p><p><span style=\"color: #000000;\">No puede reproducir, distribuir, modificar, mostrar, ejecutar ni utilizar de otro modo ning\u00fan contenido de este sitio web con fines comerciales sin el consentimiento previo por escrito de Ferkart.<\/span><\/p><p><span style=\"color: #000000;\">Se concede permiso limitado para descargar o imprimir materiales \u00fanicamente para uso personal y no comercial, siempre que todos los avisos de derechos de autor y marcas registradas permanezcan intactos.<\/span><\/p><h2><span style=\"color: #000000; font-family: Race-Sport, sans-serif; font-size: 20px;\">3. Restricciones de uso<\/span><\/h2><p><span style=\"color: #000000;\">Usted acepta no utilizar este sitio para:<\/span><\/p><ul><li><span style=\"color: #000000;\">Violar cualquier ley o regulaci\u00f3n aplicable<\/span><\/li><li><span style=\"color: #000000;\">Infringir los derechos de propiedad intelectual o los derechos de privacidad de otros<\/span><\/li><li><span style=\"color: #000000;\">Transmitir cualquier contenido ilegal, da\u00f1ino, amenazante, difamatorio, obsceno o de otro modo objetable.<\/span><\/li><li><span style=\"color: #000000;\">Intentar obtener acceso no autorizado a cualquier parte del sitio o a cualquier sistema o red relacionada.<\/span><\/li><\/ul><h2><span style=\"color: #000000; font-family: Race-Sport, sans-serif; font-size: 20px;\">4. Productos y servicios<\/span><\/h2><p><span style=\"color: #000000;\">Ferkart ofrece productos y servicios relacionados con karts y equipos relacionados. Las descripciones, im\u00e1genes y precios est\u00e1n sujetos a cambios sin previo aviso.<\/span><\/p><p><span style=\"color: #000000;\">Todas las ventas y uso de productos y servicios a trav\u00e9s de este sitio web se rigen por acuerdos o contratos de compra separados seg\u00fan corresponda.<\/span><\/p><h2><span style=\"color: #000000; font-family: Race-Sport, sans-serif; font-size: 20px;\">5. Enlaces de terceros<\/span><\/h2><p><span style=\"color: #000000;\">El sitio web puede contener enlaces a sitios web o servicios de terceros para su comodidad. Ferkart no controla ni avala estos sitios y no se responsabiliza de su contenido, pol\u00edticas ni pr\u00e1cticas.<\/span><\/p><h2><span style=\"color: #000000; font-family: Race-Sport, sans-serif; font-size: 20px;\">6. Limitaci\u00f3n de responsabilidad<\/span><\/h2><p><span style=\"color: #000000;\">Ferkart LLC, sus afiliados, empleados y socios renuncian a toda garant\u00eda y no ser\u00e1n responsables de ning\u00fan da\u00f1o derivado del uso o la imposibilidad de usar este sitio web o cualquier servicio vinculado. Esto incluye, entre otros, da\u00f1os directos, indirectos, incidentales, punitivos y consecuentes.<\/span><\/p><h2><span style=\"color: #000000; font-family: Race-Sport, sans-serif; font-size: 20px;\">7. Privacidad y cookies<\/span><\/h2><p><span style=\"color: #000000;\">Su uso de datos personales y cookies en este sitio web se rige por nuestra <a href=\"\/es\/politica-de-privacidad\/\"><u>pol\u00edtica de privacidad<\/u><\/a>, que debes revisar con atenci\u00f3n.<\/span><\/p><h2><span style=\"color: #000000; font-family: Race-Sport, sans-serif; font-size: 20px;\">8. Ley aplicable y jurisdicci\u00f3n<\/span><\/h2><p><span style=\"color: #000000;\">Estos T\u00e9rminos y Condiciones se rigen e interpretan conforme a las leyes del Estado de Florida, Estados Unidos.<\/span><\/p><p><span style=\"color: #000000;\">Cualquier disputa que surja o est\u00e9 relacionada con estos T\u00e9rminos estar\u00e1 sujeta a la jurisdicci\u00f3n exclusiva de los tribunales ubicados en Florida.<\/span><\/p><h2><span style=\"color: #000000; font-family: Race-Sport, sans-serif; font-size: 20px;\">9. Informaci\u00f3n de contacto<\/span><\/h2><p><span style=\"color: #000000;\">\u2013 Para consultas generales o de clientes:<\/span><\/p><p><span style=\"color: #000000;\"><strong>Ferkart LLC<\/strong><\/span><br \/><span style=\"color: #000000;\">610 E Zack St. Suite 110<\/span><br \/><span style=\"color: #000000;\">Tampa, Florida 33602<br \/>Estados Unidos<\/span><br \/><span style=\"color: #000000;\">Correo electr\u00f3nico: <a href=\"mailto:info@ferkart.com\">info@ferkart.com<\/a><\/span><\/p><p><span style=\"color: #000000;\">\u2013 Para avisos legales \/ correspondencia oficial:<\/span><\/p><p><strong><span style=\"color: #000000;\">Agente Registrado de Republic LLC<\/span><\/strong><br data-start=\"807\" data-end=\"810\" \/><span style=\"color: #000000;\">36 Russ Street, 3er piso<\/span><br data-start=\"835\" data-end=\"838\" \/><span style=\"color: #000000;\">Hartford, Connecticut 06106<br \/>Estados Unidos<\/span><\/p><h2><span style=\"color: #000000; font-family: Race-Sport, sans-serif; font-size: 20px;\">10. Aceptaci\u00f3n<\/span><\/h2><p><span style=\"color: #000000;\">Al utilizar este sitio web, usted reconoce que ha le\u00eddo, comprendido y acepta estar sujeto a estos T\u00e9rminos y Condiciones.<\/span><\/p><p><span style=\"color: #000000;\">\u00a9 2025 Ferkart. Todos los derechos reservados.<\/span><\/p>\t\t\t\t\t\t\t\t<\/div>\n\t\t\t\t<\/div>\n\t\t\t\t\t<\/div>\n\t\t<\/div>\n\t\t\t\t\t<\/div>\n\t\t<\/section>\n\t\t\t\t<\/div>","protected":false},"excerpt":{"rendered":"<p>Terms and Conditions Drive Safe \u2014 Know the Rules Before You Race At Ferkart, just like on the track, clear rules keep everything running smoothly. Before you take the wheel on our website or services, please read these terms carefully. They set out your rights and responsibilities when using Ferkart\u2019s products, services, and online resources. [&hellip;]<\/p>\n","protected":false},"author":10,"featured_media":0,"parent":0,"menu_order":0,"comment_status":"closed","ping_status":"closed","template":"elementor_header_footer","meta":{"footnotes":""},"class_list":["post-16283","page","type-page","status-publish","hentry"],"yoast_head":"<!-- This site is optimized with the Yoast SEO Premium plugin v27.4 (Yoast SEO v27.4) - https:\/\/yoast.com\/product\/yoast-seo-premium-wordpress\/ -->\n<title>Terms and Conditions | Ferkart<\/title>\n<meta name=\"description\" content=\"Read Ferkart\u2019s Terms &amp; Conditions for details on go-kart sales, warranties, website use, and customer responsibilities.\" \/>\n<meta name=\"robots\" content=\"index, follow, max-snippet:-1, max-image-preview:large, max-video-preview:-1\" \/>\n<link rel=\"canonical\" href=\"https:\/\/ferkart.com\/es\/terminos-y-condiciones\/\" \/>\n<meta property=\"og:locale\" content=\"es_MX\" \/>\n<meta property=\"og:type\" content=\"article\" \/>\n<meta property=\"og:title\" content=\"Terms and Conditions | Ferkart\" \/>\n<meta property=\"og:description\" content=\"Read Ferkart\u2019s Terms &amp; Conditions for details on go-kart sales, warranties, website use, and customer responsibilities.\" \/>\n<meta property=\"og:url\" content=\"https:\/\/ferkart.com\/es\/terminos-y-condiciones\/\" \/>\n<meta property=\"og:site_name\" content=\"Ferkart \u2013 Matchless Racing Experience\" \/>\n<meta property=\"article:publisher\" content=\"https:\/\/www.facebook.com\/ferkartofficial\" \/>\n<meta property=\"article:modified_time\" content=\"2025-09-30T14:19:03+00:00\" \/>\n<meta property=\"og:image\" content=\"https:\/\/ferkart.com\/wp-content\/uploads\/2025\/07\/Website-Snippet-FK.jpg\" \/>\n\t<meta property=\"og:image:width\" content=\"1785\" \/>\n\t<meta property=\"og:image:height\" content=\"1201\" \/>\n\t<meta property=\"og:image:type\" content=\"image\/jpeg\" \/>\n<meta name=\"twitter:card\" content=\"summary_large_image\" \/>\n<meta name=\"twitter:site\" content=\"@ferkartofficial\" \/>\n<meta name=\"twitter:label1\" content=\"Tiempo de lectura\" \/>\n\t<meta name=\"twitter:data1\" content=\"3 minutos\" \/>\n<script type=\"application\/ld+json\" class=\"yoast-schema-graph\">{\"@context\":\"https:\\\/\\\/schema.org\",\"@graph\":[{\"@type\":\"WebPage\",\"@id\":\"https:\\\/\\\/ferkart.com\\\/terms-and-conditions\\\/\",\"url\":\"https:\\\/\\\/ferkart.com\\\/terms-and-conditions\\\/\",\"name\":\"Terms and Conditions | Ferkart\",\"isPartOf\":{\"@id\":\"https:\\\/\\\/ferkart.com\\\/#website\"},\"datePublished\":\"2025-07-04T19:19:33+00:00\",\"dateModified\":\"2025-09-30T14:19:03+00:00\",\"description\":\"Read Ferkart\u2019s Terms & Conditions for details on go-kart sales, warranties, website use, and customer responsibilities.\",\"breadcrumb\":{\"@id\":\"https:\\\/\\\/ferkart.com\\\/terms-and-conditions\\\/#breadcrumb\"},\"inLanguage\":\"es\",\"potentialAction\":[{\"@type\":\"ReadAction\",\"target\":[\"https:\\\/\\\/ferkart.com\\\/terms-and-conditions\\\/\"]}]},{\"@type\":\"BreadcrumbList\",\"@id\":\"https:\\\/\\\/ferkart.com\\\/terms-and-conditions\\\/#breadcrumb\",\"itemListElement\":[{\"@type\":\"ListItem\",\"position\":1,\"name\":\"Home\",\"item\":\"https:\\\/\\\/ferkart.com\\\/\"},{\"@type\":\"ListItem\",\"position\":2,\"name\":\"Terms and Conditions | Ferkart\"}]},{\"@type\":\"WebSite\",\"@id\":\"https:\\\/\\\/ferkart.com\\\/#website\",\"url\":\"https:\\\/\\\/ferkart.com\\\/\",\"name\":\"Ferkart\",\"description\":\"Ferkart manufactures high-performance electric and gasoline go-karts for the rental and commercial karting industry. Known for durability, reliability, and advanced technology, we deliver fast, safe, and thrilling racing experiences worldwide.\",\"publisher\":{\"@id\":\"https:\\\/\\\/ferkart.com\\\/#organization\"},\"potentialAction\":[{\"@type\":\"SearchAction\",\"target\":{\"@type\":\"EntryPoint\",\"urlTemplate\":\"https:\\\/\\\/ferkart.com\\\/?s={search_term_string}\"},\"query-input\":{\"@type\":\"PropertyValueSpecification\",\"valueRequired\":true,\"valueName\":\"search_term_string\"}}],\"inLanguage\":\"es\"},{\"@type\":\"Organization\",\"@id\":\"https:\\\/\\\/ferkart.com\\\/#organization\",\"name\":\"Ferkart\",\"url\":\"https:\\\/\\\/ferkart.com\\\/\",\"logo\":{\"@type\":\"ImageObject\",\"inLanguage\":\"es\",\"@id\":\"https:\\\/\\\/ferkart.com\\\/#\\\/schema\\\/logo\\\/image\\\/\",\"url\":\"https:\\\/\\\/ferkart.com\\\/wp-content\\\/uploads\\\/2025\\\/07\\\/Ferkart-Email-Signature.png\",\"contentUrl\":\"https:\\\/\\\/ferkart.com\\\/wp-content\\\/uploads\\\/2025\\\/07\\\/Ferkart-Email-Signature.png\",\"width\":2560,\"height\":2560,\"caption\":\"Ferkart\"},\"image\":{\"@id\":\"https:\\\/\\\/ferkart.com\\\/#\\\/schema\\\/logo\\\/image\\\/\"},\"sameAs\":[\"https:\\\/\\\/www.facebook.com\\\/ferkartofficial\",\"https:\\\/\\\/x.com\\\/ferkartofficial\",\"https:\\\/\\\/instagram.com\\\/ferkartofficial\",\"https:\\\/\\\/www.youtube.com\\\/@ferkartofficial\"],\"description\":\"Ferkart is a global leader in the design and manufacturing of premium rental go-karts and turnkey karting solutions. We specialize in both electric go-karts and gasoline-powered karts, engineered to deliver unmatched performance, durability, and driver satisfaction.\",\"email\":\"info@ferkart.com\",\"telephone\":\"6469464405\",\"legalName\":\"Ferkart LLC\",\"foundingDate\":\"2019-04-26\",\"numberOfEmployees\":{\"@type\":\"QuantitativeValue\",\"minValue\":\"11\",\"maxValue\":\"50\"}}]}<\/script>\n<!-- \/ Yoast SEO Premium plugin. -->","yoast_head_json":{"title":"T\u00e9rminos y condiciones | Ferkart","description":"Lea los T\u00e9rminos y condiciones de Ferkart para obtener detalles sobre las ventas de karts, las garant\u00edas, el uso del sitio web y las responsabilidades del cliente.","robots":{"index":"index","follow":"follow","max-snippet":"max-snippet:-1","max-image-preview":"max-image-preview:large","max-video-preview":"max-video-preview:-1"},"canonical":"https:\/\/ferkart.com\/es\/terminos-y-condiciones\/","og_locale":"es_MX","og_type":"article","og_title":"Terms and Conditions | Ferkart","og_description":"Read Ferkart\u2019s Terms & Conditions for details on go-kart sales, warranties, website use, and customer responsibilities.","og_url":"https:\/\/ferkart.com\/es\/terminos-y-condiciones\/","og_site_name":"Ferkart \u2013 Matchless Racing Experience","article_publisher":"https:\/\/www.facebook.com\/ferkartofficial","article_modified_time":"2025-09-30T14:19:03+00:00","og_image":[{"width":1785,"height":1201,"url":"https:\/\/ferkart.com\/wp-content\/uploads\/2025\/07\/Website-Snippet-FK.jpg","type":"image\/jpeg"}],"twitter_card":"summary_large_image","twitter_site":"@ferkartofficial","twitter_misc":{"Tiempo de lectura":"3 minutos"},"schema":{"@context":"https:\/\/schema.org","@graph":[{"@type":"WebPage","@id":"https:\/\/ferkart.com\/terms-and-conditions\/","url":"https:\/\/ferkart.com\/terms-and-conditions\/","name":"T\u00e9rminos y condiciones | Ferkart","isPartOf":{"@id":"https:\/\/ferkart.com\/#website"},"datePublished":"2025-07-04T19:19:33+00:00","dateModified":"2025-09-30T14:19:03+00:00","description":"Lea los T\u00e9rminos y condiciones de Ferkart para obtener detalles sobre las ventas de karts, las garant\u00edas, el uso del sitio web y las responsabilidades del cliente.","breadcrumb":{"@id":"https:\/\/ferkart.com\/terms-and-conditions\/#breadcrumb"},"inLanguage":"es","potentialAction":[{"@type":"ReadAction","target":["https:\/\/ferkart.com\/terms-and-conditions\/"]}]},{"@type":"BreadcrumbList","@id":"https:\/\/ferkart.com\/terms-and-conditions\/#breadcrumb","itemListElement":[{"@type":"ListItem","position":1,"name":"Home","item":"https:\/\/ferkart.com\/"},{"@type":"ListItem","position":2,"name":"Terms and Conditions | Ferkart"}]},{"@type":"WebSite","@id":"https:\/\/ferkart.com\/#website","url":"https:\/\/ferkart.com\/","name":"Ferkart","description":"Ferkart fabrica karts el\u00e9ctricos y de gasolina de alto rendimiento para la industria del karting comercial y de alquiler. Conocidos por su durabilidad, fiabilidad y tecnolog\u00eda avanzada, ofrecemos experiencias de carreras r\u00e1pidas, seguras y emocionantes en todo el mundo.","publisher":{"@id":"https:\/\/ferkart.com\/#organization"},"potentialAction":[{"@type":"SearchAction","target":{"@type":"EntryPoint","urlTemplate":"https:\/\/ferkart.com\/?s={search_term_string}"},"query-input":{"@type":"PropertyValueSpecification","valueRequired":true,"valueName":"search_term_string"}}],"inLanguage":"es"},{"@type":"Organization","@id":"https:\/\/ferkart.com\/#organization","name":"Ferkart","url":"https:\/\/ferkart.com\/","logo":{"@type":"ImageObject","inLanguage":"es","@id":"https:\/\/ferkart.com\/#\/schema\/logo\/image\/","url":"https:\/\/ferkart.com\/wp-content\/uploads\/2025\/07\/Ferkart-Email-Signature.png","contentUrl":"https:\/\/ferkart.com\/wp-content\/uploads\/2025\/07\/Ferkart-Email-Signature.png","width":2560,"height":2560,"caption":"Ferkart"},"image":{"@id":"https:\/\/ferkart.com\/#\/schema\/logo\/image\/"},"sameAs":["https:\/\/www.facebook.com\/ferkartofficial","https:\/\/x.com\/ferkartofficial","https:\/\/instagram.com\/ferkartofficial","https:\/\/www.youtube.com\/@ferkartofficial"],"description":"Ferkart es l\u00edder mundial en el dise\u00f1o y la fabricaci\u00f3n de karts premium de alquiler y soluciones integrales de karting. Nos especializamos en karts el\u00e9ctricos y de gasolina, dise\u00f1ados para ofrecer un rendimiento, una durabilidad y una satisfacci\u00f3n del conductor inigualables.","email":"info@ferkart.com","telephone":"6469464405","legalName":"Ferkart LLC","foundingDate":"2019-04-26","numberOfEmployees":{"@type":"QuantitativeValue","minValue":"11","maxValue":"50"}}]}},"_links":{"self":[{"href":"https:\/\/ferkart.com\/es\/wp-json\/wp\/v2\/pages\/16283","targetHints":{"allow":["GET"]}}],"collection":[{"href":"https:\/\/ferkart.com\/es\/wp-json\/wp\/v2\/pages"}],"about":[{"href":"https:\/\/ferkart.com\/es\/wp-json\/wp\/v2\/types\/page"}],"author":[{"embeddable":true,"href":"https:\/\/ferkart.com\/es\/wp-json\/wp\/v2\/users\/10"}],"replies":[{"embeddable":true,"href":"https:\/\/ferkart.com\/es\/wp-json\/wp\/v2\/comments?post=16283"}],"version-history":[{"count":0,"href":"https:\/\/ferkart.com\/es\/wp-json\/wp\/v2\/pages\/16283\/revisions"}],"wp:attachment":[{"href":"https:\/\/ferkart.com\/es\/wp-json\/wp\/v2\/media?parent=16283"}],"curies":[{"name":"gracias","href":"https:\/\/api.w.org\/{rel}","templated":true}]}}