{"id":16239,"date":"2025-07-04T18:34:12","date_gmt":"2025-07-04T18:34:12","guid":{"rendered":"https:\/\/ferkart.com\/?page_id=16239"},"modified":"2025-09-30T14:20:24","modified_gmt":"2025-09-30T14:20:24","slug":"politica-de-privacidade","status":"publish","type":"page","link":"https:\/\/ferkart.com\/pt\/privacy-policy\/","title":{"rendered":"Pol\u00edtica de Privacidade | Ferkart"},"content":{"rendered":"<div data-elementor-type=\"wp-page\" data-elementor-id=\"16239\" class=\"elementor elementor-16239\" data-elementor-post-type=\"page\">\n\t\t\t\t\t\t<section class=\"elementor-section elementor-top-section elementor-element elementor-element-9a02497 elementor-section-height-min-height elementor-section-boxed elementor-section-height-default elementor-section-items-middle\" data-id=\"9a02497\" data-element_type=\"section\" data-e-type=\"section\" data-settings=\"{&quot;background_background&quot;:&quot;classic&quot;}\">\n\t\t\t\t\t\t\t<div class=\"elementor-background-overlay\"><\/div>\n\t\t\t\t\t\t\t<div class=\"elementor-container elementor-column-gap-default\">\n\t\t\t\t\t<div class=\"elementor-column elementor-col-100 elementor-top-column elementor-element elementor-element-31da5de\" data-id=\"31da5de\" data-element_type=\"column\" data-e-type=\"column\">\n\t\t\t<div class=\"elementor-widget-wrap elementor-element-populated\">\n\t\t\t\t\t\t<div class=\"elementor-element elementor-element-ca1f8fb animated-slow elementor-invisible elementor-widget elementor-widget-heading\" data-id=\"ca1f8fb\" data-element_type=\"widget\" data-e-type=\"widget\" data-settings=\"{&quot;_animation&quot;:&quot;fadeIn&quot;}\" data-widget_type=\"heading.default\">\n\t\t\t\t<div class=\"elementor-widget-container\">\n\t\t\t\t\t<h1 class=\"elementor-heading-title elementor-size-default\">pol\u00edtica de privacidade<\/h1>\t\t\t\t<\/div>\n\t\t\t\t<\/div>\n\t\t\t\t\t<\/div>\n\t\t<\/div>\n\t\t\t\t\t<\/div>\n\t\t<\/section>\n\t\t<div class=\"elementor-element elementor-element-bb6a738 e-flex e-con-boxed e-con e-parent\" data-id=\"bb6a738\" data-element_type=\"container\" data-e-type=\"container\" data-settings=\"{&quot;background_background&quot;:&quot;classic&quot;,&quot;shape_divider_bottom&quot;:&quot;opacity-fan&quot;}\">\n\t\t\t\t\t<div class=\"e-con-inner\">\n\t\t\t\t<div class=\"elementor-shape elementor-shape-bottom\" aria-hidden=\"true\" data-negative=\"false\">\n\t\t\t<svg xmlns=\"http:\/\/www.w3.org\/2000\/svg\" viewbox=\"0 0 283.5 19.6\" preserveaspectratio=\"none\">\n\t<path class=\"elementor-shape-fill\" style=\"opacity:0.33\" d=\"M0 0L0 18.8 141.8 4.1 283.5 18.8 283.5 0z\"\/>\n\t<path class=\"elementor-shape-fill\" style=\"opacity:0.33\" d=\"M0 0L0 12.6 141.8 4 283.5 12.6 283.5 0z\"\/>\n\t<path class=\"elementor-shape-fill\" style=\"opacity:0.33\" d=\"M0 0L0 6.4 141.8 4 283.5 6.4 283.5 0z\"\/>\n\t<path class=\"elementor-shape-fill\" d=\"M0 0L0 1.2 141.8 4 283.5 1.2 283.5 0z\"\/>\n<\/svg>\t\t<\/div>\n\t\t<div class=\"elementor-element elementor-element-02d8d91 e-con-full e-flex e-con e-child\" data-id=\"02d8d91\" data-element_type=\"container\" data-e-type=\"container\">\n\t\t<div class=\"elementor-element elementor-element-417dace e-con-full e-flex e-con e-child\" data-id=\"417dace\" data-element_type=\"container\" data-e-type=\"container\">\n\t\t\t\t<div class=\"elementor-element elementor-element-9468efa elementor-widget elementor-widget-heading\" data-id=\"9468efa\" data-element_type=\"widget\" data-e-type=\"widget\" data-widget_type=\"heading.default\">\n\t\t\t\t<div class=\"elementor-widget-container\">\n\t\t\t\t\t<h2 class=\"elementor-heading-title elementor-size-default\">A \u00fanica coisa que monitoramos \u00e9 o tempo de volta<\/h2>\t\t\t\t<\/div>\n\t\t\t\t<\/div>\n\t\t\t\t<div class=\"elementor-element elementor-element-80d37aa elementor-widget elementor-widget-text-editor\" data-id=\"80d37aa\" data-element_type=\"widget\" data-e-type=\"widget\" data-widget_type=\"text-editor.default\">\n\t\t\t\t<div class=\"elementor-widget-container\">\n\t\t\t\t\t\t\t\t\t<p data-start=\"95\" data-end=\"388\">Na Ferkart, a prote\u00e7\u00e3o dos seus dados \u00e9 t\u00e3o importante para n\u00f3s quanto o desempenho e a seguran\u00e7a na pista. Saiba como coletamos, usamos e protegemos suas informa\u00e7\u00f5es pessoais.<\/p>\t\t\t\t\t\t\t\t<\/div>\n\t\t\t\t<\/div>\n\t\t\t\t<\/div>\n\t\t\t\t<\/div>\n\t\t\t\t\t<\/div>\n\t\t\t\t<\/div>\n\t\t\t\t<section class=\"elementor-section elementor-top-section elementor-element elementor-element-56e1a9a elementor-section-boxed elementor-section-height-default elementor-section-height-default\" data-id=\"56e1a9a\" data-element_type=\"section\" data-e-type=\"section\" data-settings=\"{&quot;background_background&quot;:&quot;classic&quot;}\">\n\t\t\t\t\t\t<div class=\"elementor-container elementor-column-gap-default\">\n\t\t\t\t\t<div class=\"elementor-column elementor-col-100 elementor-top-column elementor-element elementor-element-e6f65d2\" data-id=\"e6f65d2\" data-element_type=\"column\" data-e-type=\"column\" data-settings=\"{&quot;background_background&quot;:&quot;classic&quot;}\">\n\t\t\t<div class=\"elementor-widget-wrap elementor-element-populated\">\n\t\t\t\t\t\t<div class=\"elementor-element elementor-element-7b62daf elementor-widget elementor-widget-text-editor\" data-id=\"7b62daf\" data-element_type=\"widget\" data-e-type=\"widget\" data-widget_type=\"text-editor.default\">\n\t\t\t\t<div class=\"elementor-widget-container\">\n\t\t\t\t\t\t\t\t\t<h2><span style=\"font-family: Race-Sport, sans-serif; font-size: 20px; color: #000000;\">pol\u00edtica de privacidade<\/span><\/h2><p><span style=\"color: #000000;\">Esta Pol\u00edtica de Privacidade descreve as pr\u00e1ticas de <strong>Ferkart LLC<\/strong>, localizado em 610 E Zack St Ste 110, Fl\u00f3rida 33602, Estados Unidos. Ele descreve como coletamos, usamos e divulgamos suas informa\u00e7\u00f5es pessoais quando voc\u00ea visita nosso site (<\/span><a href=\"https:\/\/ferkart.com\/pt\/\" target=\"_blank\" rel=\"noopener\">https:\/\/ferkart.com<\/a><span style=\"color: #000000;\">) (o \u201cServi\u00e7o\u201d).<\/span><\/p><p><span style=\"color: #000000;\">Ao acessar ou utilizar o Servi\u00e7o, voc\u00ea concorda com a coleta e o uso de suas informa\u00e7\u00f5es de acordo com esta Pol\u00edtica de Privacidade. Caso n\u00e3o concorde, por favor, n\u00e3o utilize o Servi\u00e7o.<\/span><\/p><h2><span style=\"font-family: Race-Sport, sans-serif; font-size: 20px; color: #000000;\">Informa\u00e7\u00f5es que coletamos<\/span><\/h2><p><span style=\"color: #000000;\">Podemos coletar e processar as seguintes informa\u00e7\u00f5es pessoais suas:<\/span><\/p><ul><li><span style=\"color: #000000;\">Nome<\/span><\/li><li><span style=\"color: #000000;\">E-mail<\/span><\/li><li><span style=\"color: #000000;\">N\u00famero de telem\u00f3vel<\/span><\/li><li><span style=\"color: #000000;\"><span style=\"color: #000000;\"><span style=\"color: #000000;\">Pa\u00eds<\/span><\/span><\/span><\/li><\/ul><h2><span style=\"font-family: Race-Sport, sans-serif; font-size: 20px; color: #000000;\">Como usamos suas informa\u00e7\u00f5es<\/span><\/h2><p><span style=\"color: #000000;\">Utilizamos as informa\u00e7\u00f5es coletadas exclusivamente para os seguintes prop\u00f3sitos:<\/span><\/p><ul><li><span style=\"color: #000000;\">Comunica\u00e7\u00f5es de marketing e promocionais<\/span><\/li><li><span style=\"color: #000000;\">Coleta de feedback do cliente<\/span><\/li><li><span style=\"color: #000000;\"><span style=\"color: #000000;\"><span style=\"color: #000000;\">Entrando em contato com voc\u00ea sobre nossos servi\u00e7os<\/span><\/span><\/span><\/li><\/ul><div><span style=\"color: #000000;\">\u00a0<\/span><\/div><p><span style=\"color: #000000;\">N\u00f3s fazemos <strong>n\u00e3o<\/strong> usar suas informa\u00e7\u00f5es pessoais para cria\u00e7\u00e3o de perfil, tomada de decis\u00e3o automatizada ou vender\/alugar suas informa\u00e7\u00f5es para terceiros.<\/span><\/p><p><span style=\"color: #000000;\">Se desejarmos usar suas informa\u00e7\u00f5es para qualquer outra finalidade, solicitaremos seu consentimento e s\u00f3 prosseguiremos se voc\u00ea concordar, a menos que exigido por lei.<\/span><\/p><h2><span style=\"font-family: Race-Sport, sans-serif; font-size: 20px; color: #000000;\">Como compartilhamos suas informa\u00e7\u00f5es<\/span><\/h2><p><span style=\"color: #000000;\">N\u00e3o transferimos seus dados pessoais a terceiros sem o seu consentimento, exceto nas situa\u00e7\u00f5es limitadas descritas abaixo:<\/span><\/p><ul><li><span style=\"color: #000000;\"><strong>Provedores de an\u00e1lise:<\/strong> Para nos ajudar a entender o uso e o desempenho do site, esses provedores usam suas informa\u00e7\u00f5es apenas para a finalidade pretendida e n\u00e3o devem ret\u00ea-las por mais tempo do que o necess\u00e1rio.<\/span><\/li><li><span style=\"color: #000000;\">Para cumprir obriga\u00e7\u00f5es legais ou ordens judiciais<\/span><\/li><li><span style=\"color: #000000;\">Para fazer cumprir acordos, incluindo esta Pol\u00edtica de Privacidade<\/span><\/li><li><span style=\"color: #000000;\">Para responder a reclama\u00e7\u00f5es de viola\u00e7\u00f5es de direitos de terceiros<\/span><\/li><li><span style=\"color: #000000;\"><span style=\"color: #000000;\"><span style=\"color: #000000;\">Se nossa empresa for adquirida ou fundida, suas informa\u00e7\u00f5es poder\u00e3o ser transferidas como parte dessa transa\u00e7\u00e3o.<\/span><\/span><\/span><\/li><\/ul><div>\u00a0<\/div><p><span style=\"color: #000000;\">N\u00f3s fazemos <strong>n\u00e3o<\/strong> vender ou alugar suas informa\u00e7\u00f5es pessoais a terceiros.<\/span><\/p><h2><span style=\"font-family: Race-Sport, sans-serif; font-size: 20px; color: #000000;\">Reten\u00e7\u00e3o de suas informa\u00e7\u00f5es<\/span><\/h2><p><span style=\"color: #000000;\">Mantemos informa\u00e7\u00f5es pessoais por 90 dias a 2 anos ap\u00f3s o encerramento da conta do usu\u00e1rio ou pelo tempo necess\u00e1rio para cumprir a finalidade para a qual foram coletadas. Certos dados podem ser retidos por mais tempo para cumprir obriga\u00e7\u00f5es legais ou para interesses leg\u00edtimos, como preven\u00e7\u00e3o de fraudes.<\/span><\/p><p><span style=\"color: #000000;\">Dados an\u00f4nimos e agregados que n\u00e3o o identificam podem ser retidos indefinidamente.<\/span><\/p><h2><span style=\"font-family: Race-Sport, sans-serif; font-size: 20px; color: #000000;\">Seus direitos<\/span><\/h2><p><span style=\"color: #000000;\">Dependendo da sua localiza\u00e7\u00e3o, voc\u00ea pode ter os seguintes direitos:<\/span><\/p><ul><li><span style=\"color: #000000;\">Acesse, corrija ou exclua seus dados<\/span><\/li><li><span style=\"color: #000000;\">Solicite uma c\u00f3pia dos seus dados<\/span><\/li><li><span style=\"color: #000000;\">Restringir ou opor-se ao processamento de dados<\/span><\/li><li><span style=\"color: #000000;\">Solicitar portabilidade de dados para outro servi\u00e7o<\/span><\/li><li><span style=\"color: #000000;\">Retirar o consentimento previamente dado<\/span><\/li><li><span style=\"color: #000000;\"><span style=\"color: #000000;\"><span style=\"color: #000000;\">Apresentar uma reclama\u00e7\u00e3o a uma autoridade de prote\u00e7\u00e3o de dados<\/span><\/span><\/span><\/li><\/ul><div><span style=\"color: #000000;\">\u00a0<\/span><\/div><p><span style=\"color: #000000;\">Para exercer esses direitos, entre em contato conosco em <a href=\"mailto:info@ferkart.com\">info@ferkart.com<\/a>Responderemos de acordo com a lei aplic\u00e1vel.<\/span><\/p><p><span style=\"color: #000000;\">Voc\u00ea tamb\u00e9m pode optar por n\u00e3o receber comunica\u00e7\u00f5es de marketing direto ou cria\u00e7\u00e3o de perfil para fins de marketing entrando em contato com o mesmo endere\u00e7o de e-mail.<\/span><\/p><p><span style=\"color: #000000;\"><strong>Observe:<\/strong> recusar ou retirar o consentimento pode limitar sua capacidade de usar alguns recursos do Servi\u00e7o.<\/span><\/p><h2><span style=\"font-family: Race-Sport, sans-serif; font-size: 20px; color: #000000;\">Cookies e tecnologias de rastreamento<\/span><\/h2><p><span style=\"color: #000000;\">Usamos cookies e tecnologias semelhantes para melhorar sua experi\u00eancia em nosso site, analisar tr\u00e1fego e para fins de marketing.<\/span><\/p><p><span style=\"color: #000000;\">Para obter informa\u00e7\u00f5es mais detalhadas sobre como usamos cookies e suas escolhas em rela\u00e7\u00e3o a eles, consulte o <strong>Se\u00e7\u00e3o de cookies abaixo<\/strong> (ou <strong>nossa Pol\u00edtica de Cookies<\/strong> se separado).<\/span><\/p><h2><span style=\"font-family: Race-Sport, sans-serif; font-size: 20px; color: #000000;\">Privacidade das crian\u00e7as<\/span><\/h2><p><span style=\"color: #000000;\">Nosso servi\u00e7o n\u00e3o \u00e9 direcionado a crian\u00e7as menores de 16 anos. N\u00e3o coletamos intencionalmente informa\u00e7\u00f5es pessoais de crian\u00e7as menores de 16 anos. Se voc\u00ea \u00e9 pai\/m\u00e3e ou respons\u00e1vel e acredita que seu filho nos forneceu informa\u00e7\u00f5es pessoais, entre em contato conosco em <a href=\"mailto:info@ferkart.com\">info@ferkart.com<\/a> para que possamos tomar as medidas adequadas.<\/span><\/p><h2><span style=\"font-family: Race-Sport, sans-serif; font-size: 20px; color: #000000;\">Seguran\u00e7a<\/span><\/h2><p><span style=\"color: #000000;\">Utilizamos salvaguardas razo\u00e1veis para proteger seus dados. No entanto, nenhum sistema \u00e9 totalmente seguro. Voc\u00ea transmite informa\u00e7\u00f5es por sua conta e risco, e n\u00e3o podemos garantir prote\u00e7\u00e3o absoluta contra acesso n\u00e3o autorizado.<\/span><\/p><h2><span style=\"font-family: Race-Sport, sans-serif; font-size: 20px; color: #000000;\">Links de terceiros<\/span><\/h2><p><span style=\"color: #000000;\">Nosso Servi\u00e7o pode conter links para sites externos que n\u00e3o operamos. Esta Pol\u00edtica de Privacidade n\u00e3o se aplica a esses terceiros. Recomendamos fortemente que voc\u00ea revise as pol\u00edticas de privacidade deles antes de contratar seus servi\u00e7os.<\/span><\/p><h2><span style=\"font-family: Race-Sport, sans-serif; font-size: 20px; color: #000000;\">Respons\u00e1vel pela Reclama\u00e7\u00e3o \/ Prote\u00e7\u00e3o de Dados<\/span><\/h2><p><span style=\"color: #000000;\">Caso tenha alguma d\u00favida ou preocupa\u00e7\u00e3o sobre seus dados, entre em contato com nosso Diretor de Reclama\u00e7\u00f5es em:<\/span><\/p><p><span style=\"color: #000000;\"><strong>Ferkart LLC<\/strong><\/span><br \/><span style=\"color: #000000;\">610 E Zack St Ste 110<\/span><br \/><span style=\"color: #000000;\">Tampa, Fl\u00f3rida 33602<br \/>Estados Unidos<\/span><br \/><span style=\"color: #000000;\">E-mail: <a href=\"mailto:info@ferkart.com\">info@ferkart.com<\/a><\/span><\/p><p><span style=\"color: #000000;\">Trataremos sua preocupa\u00e7\u00e3o de acordo com a legisla\u00e7\u00e3o aplic\u00e1vel.<\/span><\/p><h2><span style=\"font-family: Race-Sport, sans-serif; font-size: 20px; color: #000000;\">Endere\u00e7o oficial da empresa para avisos legais<\/span><\/h2><p><span style=\"color: #000000;\"><strong>Agente Registrado da Rep\u00fablica LLC<\/strong><\/span><br \/><span style=\"color: #000000;\">36 Russ Street, 3\u00ba andar<\/span><br data-start=\"689\" data-end=\"692\" \/><span style=\"color: #000000;\">Hartford, Connecticut 06106<br \/>Estados Unidos<\/span><\/p><p><span style=\"color: #000000;\"><strong>Data de vig\u00eancia:<\/strong> 1 de julho de 2025<\/span><br \/><span style=\"color: #000000;\"><strong>\u00daltima atualiza\u00e7\u00e3o:<\/strong> 30 de setembro de 2025<\/span><\/p>\t\t\t\t\t\t\t\t<\/div>\n\t\t\t\t<\/div>\n\t\t\t\t\t<\/div>\n\t\t<\/div>\n\t\t\t\t\t<\/div>\n\t\t<\/section>\n\t\t\t\t<\/div>","protected":false},"excerpt":{"rendered":"<p>Privacy Policy The only thing we track is lap time At Ferkart, your data protection is as important to us as performance and safety on the track. Learn how we collect, use, and safeguard your personal information. Privacy Policy This Privacy Policy outlines the practices of Ferkart LLC, located at 610 E Zack St Ste [&hellip;]<\/p>\n","protected":false},"author":10,"featured_media":0,"parent":0,"menu_order":0,"comment_status":"closed","ping_status":"closed","template":"elementor_header_footer","meta":{"footnotes":""},"class_list":["post-16239","page","type-page","status-publish","hentry"],"yoast_head":"<!-- This site is optimized with the Yoast SEO Premium plugin v27.4 (Yoast SEO v27.4) - https:\/\/yoast.com\/product\/yoast-seo-premium-wordpress\/ -->\n<title>Privacy Policy | Ferkart<\/title>\n<meta name=\"description\" content=\"Learn how Ferkart collects, uses, and protects your data. Read our Privacy Policy for details on security and customer rights.\" \/>\n<meta name=\"robots\" content=\"index, follow, max-snippet:-1, max-image-preview:large, max-video-preview:-1\" \/>\n<link rel=\"canonical\" href=\"https:\/\/ferkart.com\/pt\/politica-de-privacidade\/\" \/>\n<meta property=\"og:locale\" content=\"pt_BR\" \/>\n<meta property=\"og:type\" content=\"article\" \/>\n<meta property=\"og:title\" content=\"Privacy Policy | Ferkart\" \/>\n<meta property=\"og:description\" content=\"Learn how Ferkart collects, uses, and protects your data. Read our Privacy Policy for details on security and customer rights.\" \/>\n<meta property=\"og:url\" content=\"https:\/\/ferkart.com\/pt\/politica-de-privacidade\/\" \/>\n<meta property=\"og:site_name\" content=\"Ferkart \u2013 Matchless Racing Experience\" \/>\n<meta property=\"article:publisher\" content=\"https:\/\/www.facebook.com\/ferkartofficial\" \/>\n<meta property=\"article:modified_time\" content=\"2025-09-30T14:20:24+00:00\" \/>\n<meta property=\"og:image\" content=\"https:\/\/ferkart.com\/wp-content\/uploads\/2025\/07\/Website-Snippet-FK.jpg\" \/>\n\t<meta property=\"og:image:width\" content=\"1785\" \/>\n\t<meta property=\"og:image:height\" content=\"1201\" \/>\n\t<meta property=\"og:image:type\" content=\"image\/jpeg\" \/>\n<meta name=\"twitter:card\" content=\"summary_large_image\" \/>\n<meta name=\"twitter:site\" content=\"@ferkartofficial\" \/>\n<meta name=\"twitter:label1\" content=\"Est. tempo de leitura\" \/>\n\t<meta name=\"twitter:data1\" content=\"4 minutos\" \/>\n<script type=\"application\/ld+json\" class=\"yoast-schema-graph\">{\"@context\":\"https:\\\/\\\/schema.org\",\"@graph\":[{\"@type\":\"WebPage\",\"@id\":\"https:\\\/\\\/ferkart.com\\\/privacy-policy\\\/\",\"url\":\"https:\\\/\\\/ferkart.com\\\/privacy-policy\\\/\",\"name\":\"Privacy Policy | Ferkart\",\"isPartOf\":{\"@id\":\"https:\\\/\\\/ferkart.com\\\/#website\"},\"datePublished\":\"2025-07-04T18:34:12+00:00\",\"dateModified\":\"2025-09-30T14:20:24+00:00\",\"description\":\"Learn how Ferkart collects, uses, and protects your data. Read our Privacy Policy for details on security and customer rights.\",\"breadcrumb\":{\"@id\":\"https:\\\/\\\/ferkart.com\\\/privacy-policy\\\/#breadcrumb\"},\"inLanguage\":\"pt-BR\",\"potentialAction\":[{\"@type\":\"ReadAction\",\"target\":[\"https:\\\/\\\/ferkart.com\\\/privacy-policy\\\/\"]}]},{\"@type\":\"BreadcrumbList\",\"@id\":\"https:\\\/\\\/ferkart.com\\\/privacy-policy\\\/#breadcrumb\",\"itemListElement\":[{\"@type\":\"ListItem\",\"position\":1,\"name\":\"Home\",\"item\":\"https:\\\/\\\/ferkart.com\\\/\"},{\"@type\":\"ListItem\",\"position\":2,\"name\":\"Privacy Policy | Ferkart\"}]},{\"@type\":\"WebSite\",\"@id\":\"https:\\\/\\\/ferkart.com\\\/#website\",\"url\":\"https:\\\/\\\/ferkart.com\\\/\",\"name\":\"Ferkart\",\"description\":\"Ferkart manufactures high-performance electric and gasoline go-karts for the rental and commercial karting industry. Known for durability, reliability, and advanced technology, we deliver fast, safe, and thrilling racing experiences worldwide.\",\"publisher\":{\"@id\":\"https:\\\/\\\/ferkart.com\\\/#organization\"},\"potentialAction\":[{\"@type\":\"SearchAction\",\"target\":{\"@type\":\"EntryPoint\",\"urlTemplate\":\"https:\\\/\\\/ferkart.com\\\/?s={search_term_string}\"},\"query-input\":{\"@type\":\"PropertyValueSpecification\",\"valueRequired\":true,\"valueName\":\"search_term_string\"}}],\"inLanguage\":\"pt-BR\"},{\"@type\":\"Organization\",\"@id\":\"https:\\\/\\\/ferkart.com\\\/#organization\",\"name\":\"Ferkart\",\"url\":\"https:\\\/\\\/ferkart.com\\\/\",\"logo\":{\"@type\":\"ImageObject\",\"inLanguage\":\"pt-BR\",\"@id\":\"https:\\\/\\\/ferkart.com\\\/#\\\/schema\\\/logo\\\/image\\\/\",\"url\":\"https:\\\/\\\/ferkart.com\\\/wp-content\\\/uploads\\\/2025\\\/07\\\/Ferkart-Email-Signature.png\",\"contentUrl\":\"https:\\\/\\\/ferkart.com\\\/wp-content\\\/uploads\\\/2025\\\/07\\\/Ferkart-Email-Signature.png\",\"width\":2560,\"height\":2560,\"caption\":\"Ferkart\"},\"image\":{\"@id\":\"https:\\\/\\\/ferkart.com\\\/#\\\/schema\\\/logo\\\/image\\\/\"},\"sameAs\":[\"https:\\\/\\\/www.facebook.com\\\/ferkartofficial\",\"https:\\\/\\\/x.com\\\/ferkartofficial\",\"https:\\\/\\\/instagram.com\\\/ferkartofficial\",\"https:\\\/\\\/www.youtube.com\\\/@ferkartofficial\"],\"description\":\"Ferkart is a global leader in the design and manufacturing of premium rental go-karts and turnkey karting solutions. We specialize in both electric go-karts and gasoline-powered karts, engineered to deliver unmatched performance, durability, and driver satisfaction.\",\"email\":\"info@ferkart.com\",\"telephone\":\"6469464405\",\"legalName\":\"Ferkart LLC\",\"foundingDate\":\"2019-04-26\",\"numberOfEmployees\":{\"@type\":\"QuantitativeValue\",\"minValue\":\"11\",\"maxValue\":\"50\"}}]}<\/script>\n<!-- \/ Yoast SEO Premium plugin. -->","yoast_head_json":{"title":"Pol\u00edtica de Privacidade | Ferkart","description":"Saiba como a Ferkart coleta, utiliza e protege seus dados. Leia nossa Pol\u00edtica de Privacidade para obter detalhes sobre seguran\u00e7a e direitos do cliente.","robots":{"index":"index","follow":"follow","max-snippet":"max-snippet:-1","max-image-preview":"max-image-preview:large","max-video-preview":"max-video-preview:-1"},"canonical":"https:\/\/ferkart.com\/pt\/politica-de-privacidade\/","og_locale":"pt_BR","og_type":"article","og_title":"Privacy Policy | Ferkart","og_description":"Learn how Ferkart collects, uses, and protects your data. Read our Privacy Policy for details on security and customer rights.","og_url":"https:\/\/ferkart.com\/pt\/politica-de-privacidade\/","og_site_name":"Ferkart \u2013 Matchless Racing Experience","article_publisher":"https:\/\/www.facebook.com\/ferkartofficial","article_modified_time":"2025-09-30T14:20:24+00:00","og_image":[{"width":1785,"height":1201,"url":"https:\/\/ferkart.com\/wp-content\/uploads\/2025\/07\/Website-Snippet-FK.jpg","type":"image\/jpeg"}],"twitter_card":"summary_large_image","twitter_site":"@ferkartofficial","twitter_misc":{"Est. tempo de leitura":"4 minutos"},"schema":{"@context":"https:\/\/schema.org","@graph":[{"@type":"WebPage","@id":"https:\/\/ferkart.com\/privacy-policy\/","url":"https:\/\/ferkart.com\/privacy-policy\/","name":"Pol\u00edtica de Privacidade | Ferkart","isPartOf":{"@id":"https:\/\/ferkart.com\/#website"},"datePublished":"2025-07-04T18:34:12+00:00","dateModified":"2025-09-30T14:20:24+00:00","description":"Saiba como a Ferkart coleta, utiliza e protege seus dados. Leia nossa Pol\u00edtica de Privacidade para obter detalhes sobre seguran\u00e7a e direitos do cliente.","breadcrumb":{"@id":"https:\/\/ferkart.com\/privacy-policy\/#breadcrumb"},"inLanguage":"pt-BR","potentialAction":[{"@type":"ReadAction","target":["https:\/\/ferkart.com\/privacy-policy\/"]}]},{"@type":"BreadcrumbList","@id":"https:\/\/ferkart.com\/privacy-policy\/#breadcrumb","itemListElement":[{"@type":"ListItem","position":1,"name":"Home","item":"https:\/\/ferkart.com\/"},{"@type":"ListItem","position":2,"name":"Privacy Policy | Ferkart"}]},{"@type":"WebSite","@id":"https:\/\/ferkart.com\/#website","url":"https:\/\/ferkart.com\/","name":"Ferkart","description":"A Ferkart fabrica karts el\u00e9tricos e a gasolina de alto desempenho para o setor de karting comercial e de aluguel. Reconhecidos por sua durabilidade, confiabilidade e tecnologia avan\u00e7ada, proporcionamos experi\u00eancias de corrida r\u00e1pidas, seguras e emocionantes em todo o mundo.","publisher":{"@id":"https:\/\/ferkart.com\/#organization"},"potentialAction":[{"@type":"SearchAction","target":{"@type":"EntryPoint","urlTemplate":"https:\/\/ferkart.com\/?s={search_term_string}"},"query-input":{"@type":"PropertyValueSpecification","valueRequired":true,"valueName":"search_term_string"}}],"inLanguage":"pt-BR"},{"@type":"Organization","@id":"https:\/\/ferkart.com\/#organization","name":"Ferkart","url":"https:\/\/ferkart.com\/","logo":{"@type":"ImageObject","inLanguage":"pt-BR","@id":"https:\/\/ferkart.com\/#\/schema\/logo\/image\/","url":"https:\/\/ferkart.com\/wp-content\/uploads\/2025\/07\/Ferkart-Email-Signature.png","contentUrl":"https:\/\/ferkart.com\/wp-content\/uploads\/2025\/07\/Ferkart-Email-Signature.png","width":2560,"height":2560,"caption":"Ferkart"},"image":{"@id":"https:\/\/ferkart.com\/#\/schema\/logo\/image\/"},"sameAs":["https:\/\/www.facebook.com\/ferkartofficial","https:\/\/x.com\/ferkartofficial","https:\/\/instagram.com\/ferkartofficial","https:\/\/www.youtube.com\/@ferkartofficial"],"description":"Ferkart \u00e9 l\u00edder global em design e fabrica\u00e7\u00e3o de karts premium para aluguel e solu\u00e7\u00f5es completas de kart. Somos especializados em karts el\u00e9tricos e a gasolina, projetados para oferecer desempenho, durabilidade e satisfa\u00e7\u00e3o do motorista incompar\u00e1veis.","email":"info@ferkart.com","telephone":"6469464405","legalName":"Ferkart LLC","foundingDate":"2019-04-26","numberOfEmployees":{"@type":"QuantitativeValue","minValue":"11","maxValue":"50"}}]}},"_links":{"self":[{"href":"https:\/\/ferkart.com\/pt\/wp-json\/wp\/v2\/pages\/16239","targetHints":{"allow":["GET"]}}],"collection":[{"href":"https:\/\/ferkart.com\/pt\/wp-json\/wp\/v2\/pages"}],"about":[{"href":"https:\/\/ferkart.com\/pt\/wp-json\/wp\/v2\/types\/page"}],"author":[{"embeddable":true,"href":"https:\/\/ferkart.com\/pt\/wp-json\/wp\/v2\/users\/10"}],"replies":[{"embeddable":true,"href":"https:\/\/ferkart.com\/pt\/wp-json\/wp\/v2\/comments?post=16239"}],"version-history":[{"count":0,"href":"https:\/\/ferkart.com\/pt\/wp-json\/wp\/v2\/pages\/16239\/revisions"}],"wp:attachment":[{"href":"https:\/\/ferkart.com\/pt\/wp-json\/wp\/v2\/media?parent=16239"}],"curies":[{"name":"wp","href":"https:\/\/api.w.org\/{rel}","templated":true}]}}