{"id":16283,"date":"2025-07-04T19:19:33","date_gmt":"2025-07-04T19:19:33","guid":{"rendered":"https:\/\/ferkart.com\/?page_id=16283"},"modified":"2025-09-30T14:19:03","modified_gmt":"2025-09-30T14:19:03","slug":"termos-e-condicoes","status":"publish","type":"page","link":"https:\/\/ferkart.com\/pt\/terms-and-conditions\/","title":{"rendered":"Termos e Condi\u00e7\u00f5es | Ferkart"},"content":{"rendered":"<div data-elementor-type=\"wp-page\" data-elementor-id=\"16283\" class=\"elementor elementor-16283\" data-elementor-post-type=\"page\">\n\t\t\t\t\t\t<section class=\"elementor-section elementor-top-section elementor-element elementor-element-9a02497 elementor-section-height-min-height elementor-section-boxed elementor-section-height-default elementor-section-items-middle\" data-id=\"9a02497\" data-element_type=\"section\" data-e-type=\"section\" data-settings=\"{&quot;background_background&quot;:&quot;classic&quot;}\">\n\t\t\t\t\t\t\t<div class=\"elementor-background-overlay\"><\/div>\n\t\t\t\t\t\t\t<div class=\"elementor-container elementor-column-gap-default\">\n\t\t\t\t\t<div class=\"elementor-column elementor-col-100 elementor-top-column elementor-element elementor-element-31da5de\" data-id=\"31da5de\" data-element_type=\"column\" data-e-type=\"column\">\n\t\t\t<div class=\"elementor-widget-wrap elementor-element-populated\">\n\t\t\t\t\t\t<div class=\"elementor-element elementor-element-ca1f8fb animated-slow elementor-invisible elementor-widget elementor-widget-heading\" data-id=\"ca1f8fb\" data-element_type=\"widget\" data-e-type=\"widget\" data-settings=\"{&quot;_animation&quot;:&quot;fadeIn&quot;}\" data-widget_type=\"heading.default\">\n\t\t\t\t<div class=\"elementor-widget-container\">\n\t\t\t\t\t<h1 class=\"elementor-heading-title elementor-size-default\">Termos e Condi\u00e7\u00f5es<\/h1>\t\t\t\t<\/div>\n\t\t\t\t<\/div>\n\t\t\t\t\t<\/div>\n\t\t<\/div>\n\t\t\t\t\t<\/div>\n\t\t<\/section>\n\t\t<div class=\"elementor-element elementor-element-bb6a738 e-flex e-con-boxed e-con e-parent\" data-id=\"bb6a738\" data-element_type=\"container\" data-e-type=\"container\" data-settings=\"{&quot;background_background&quot;:&quot;classic&quot;,&quot;shape_divider_bottom&quot;:&quot;opacity-fan&quot;}\">\n\t\t\t\t\t<div class=\"e-con-inner\">\n\t\t\t\t<div class=\"elementor-shape elementor-shape-bottom\" aria-hidden=\"true\" data-negative=\"false\">\n\t\t\t<svg xmlns=\"http:\/\/www.w3.org\/2000\/svg\" viewbox=\"0 0 283.5 19.6\" preserveaspectratio=\"none\">\n\t<path class=\"elementor-shape-fill\" style=\"opacity:0.33\" d=\"M0 0L0 18.8 141.8 4.1 283.5 18.8 283.5 0z\"\/>\n\t<path class=\"elementor-shape-fill\" style=\"opacity:0.33\" d=\"M0 0L0 12.6 141.8 4 283.5 12.6 283.5 0z\"\/>\n\t<path class=\"elementor-shape-fill\" style=\"opacity:0.33\" d=\"M0 0L0 6.4 141.8 4 283.5 6.4 283.5 0z\"\/>\n\t<path class=\"elementor-shape-fill\" d=\"M0 0L0 1.2 141.8 4 283.5 1.2 283.5 0z\"\/>\n<\/svg>\t\t<\/div>\n\t\t<div class=\"elementor-element elementor-element-02d8d91 e-con-full e-flex e-con e-child\" data-id=\"02d8d91\" data-element_type=\"container\" data-e-type=\"container\">\n\t\t<div class=\"elementor-element elementor-element-417dace e-con-full e-flex e-con e-child\" data-id=\"417dace\" data-element_type=\"container\" data-e-type=\"container\">\n\t\t\t\t<div class=\"elementor-element elementor-element-9468efa elementor-widget elementor-widget-heading\" data-id=\"9468efa\" data-element_type=\"widget\" data-e-type=\"widget\" data-widget_type=\"heading.default\">\n\t\t\t\t<div class=\"elementor-widget-container\">\n\t\t\t\t\t<h2 class=\"elementor-heading-title elementor-size-default\">Dirija com seguran\u00e7a \u2014 conhe\u00e7a as regras antes de correr<\/h2>\t\t\t\t<\/div>\n\t\t\t\t<\/div>\n\t\t\t\t<div class=\"elementor-element elementor-element-80d37aa elementor-widget elementor-widget-text-editor\" data-id=\"80d37aa\" data-element_type=\"widget\" data-e-type=\"widget\" data-widget_type=\"text-editor.default\">\n\t\t\t\t<div class=\"elementor-widget-container\">\n\t\t\t\t\t\t\t\t\t<p data-start=\"95\" data-end=\"388\">Na Ferkart, assim como nas pistas, regras claras garantem que tudo funcione perfeitamente. Antes de assumir o volante em nosso site ou servi\u00e7os, leia estes termos com aten\u00e7\u00e3o. Eles definem seus direitos e responsabilidades ao usar os produtos, servi\u00e7os e recursos online da Ferkart. Vamos manter tudo r\u00e1pido, justo e divertido.<\/p>\t\t\t\t\t\t\t\t<\/div>\n\t\t\t\t<\/div>\n\t\t\t\t<\/div>\n\t\t\t\t<\/div>\n\t\t\t\t\t<\/div>\n\t\t\t\t<\/div>\n\t\t\t\t<section class=\"elementor-section elementor-top-section elementor-element elementor-element-56e1a9a elementor-section-boxed elementor-section-height-default elementor-section-height-default\" data-id=\"56e1a9a\" data-element_type=\"section\" data-e-type=\"section\" data-settings=\"{&quot;background_background&quot;:&quot;classic&quot;}\">\n\t\t\t\t\t\t<div class=\"elementor-container elementor-column-gap-default\">\n\t\t\t\t\t<div class=\"elementor-column elementor-col-100 elementor-top-column elementor-element elementor-element-e6f65d2\" data-id=\"e6f65d2\" data-element_type=\"column\" data-e-type=\"column\" data-settings=\"{&quot;background_background&quot;:&quot;classic&quot;}\">\n\t\t\t<div class=\"elementor-widget-wrap elementor-element-populated\">\n\t\t\t\t\t\t<div class=\"elementor-element elementor-element-7b62daf elementor-widget elementor-widget-text-editor\" data-id=\"7b62daf\" data-element_type=\"widget\" data-e-type=\"widget\" data-widget_type=\"text-editor.default\">\n\t\t\t\t<div class=\"elementor-widget-container\">\n\t\t\t\t\t\t\t\t\t<h2><span style=\"color: #000000; font-family: Race-Sport, sans-serif; font-size: 20px;\">1. Propriedade e uso do site<\/span><\/h2><p><span style=\"color: #000000;\">Este site (<a href=\"https:\/\/ferkart.com\/pt\/\">https:\/\/ferkart.com<\/a>) \u00e9 propriedade exclusiva da Ferkart LLC (\u201cFerkart\u201d). Ao acessar ou utilizar este site, voc\u00ea concorda em cumprir estes Termos e Condi\u00e7\u00f5es e todas as leis aplic\u00e1veis. Caso n\u00e3o concorde com estes termos, por favor, n\u00e3o utilize o site.<\/span><\/p><p><span style=\"color: #000000;\">A Ferkart reserva-se o direito de atualizar ou modificar estes Termos a qualquer momento, sem aviso pr\u00e9vio. O uso cont\u00ednuo do site ap\u00f3s as altera\u00e7\u00f5es constitui aceita\u00e7\u00e3o dos Termos atualizados.<\/span><\/p><h2><span style=\"color: #000000; font-family: Race-Sport, sans-serif; font-size: 20px;\">2. Direitos de Propriedade Intelectual<\/span><\/h2><p><span style=\"color: #000000;\">Todo o conte\u00fado deste site, incluindo, entre outros, textos, imagens, gr\u00e1ficos, logotipos, marcas registradas, designs, softwares e compila\u00e7\u00f5es de dados, s\u00e3o propriedade da Ferkart LLC ou utilizados sob licen\u00e7a. A marca registrada \u201cFerkart\u201d e os logotipos associados s\u00e3o marcas registradas da Ferkart LLC.<\/span><\/p><p><span style=\"color: #000000;\">Voc\u00ea n\u00e3o pode reproduzir, distribuir, modificar, exibir, executar ou usar qualquer conte\u00fado deste site para fins comerciais sem o consentimento pr\u00e9vio por escrito da Ferkart.<\/span><\/p><p><span style=\"color: #000000;\">\u00c9 concedida permiss\u00e3o limitada para baixar ou imprimir materiais exclusivamente para uso pessoal e n\u00e3o comercial, desde que todos os avisos de direitos autorais e marcas registradas permane\u00e7am intactos.<\/span><\/p><h2><span style=\"color: #000000; font-family: Race-Sport, sans-serif; font-size: 20px;\">3. Restri\u00e7\u00f5es de uso<\/span><\/h2><p><span style=\"color: #000000;\">Voc\u00ea concorda em n\u00e3o usar este site para:<\/span><\/p><ul><li><span style=\"color: #000000;\">Violar qualquer lei ou regulamento aplic\u00e1vel<\/span><\/li><li><span style=\"color: #000000;\">Violar os direitos de propriedade intelectual ou de privacidade de terceiros<\/span><\/li><li><span style=\"color: #000000;\">Transmitir qualquer conte\u00fado ilegal, prejudicial, amea\u00e7ador, difamat\u00f3rio, obsceno ou de outra forma question\u00e1vel<\/span><\/li><li><span style=\"color: #000000;\">Tentar obter acesso n\u00e3o autorizado a qualquer parte do site ou a quaisquer sistemas ou redes relacionados<\/span><\/li><\/ul><h2><span style=\"color: #000000; font-family: Race-Sport, sans-serif; font-size: 20px;\">4. Produtos e Servi\u00e7os<\/span><\/h2><p><span style=\"color: #000000;\">A Ferkart oferece produtos e servi\u00e7os relacionados a karts e equipamentos relacionados. Descri\u00e7\u00f5es, imagens e pre\u00e7os est\u00e3o sujeitos a altera\u00e7\u00f5es sem aviso pr\u00e9vio.<\/span><\/p><p><span style=\"color: #000000;\">Todas as vendas e uso de produtos e servi\u00e7os por meio deste site s\u00e3o regidos por acordos separados ou contratos de compra, conforme aplic\u00e1vel.<\/span><\/p><h2><span style=\"color: #000000; font-family: Race-Sport, sans-serif; font-size: 20px;\">5. Links de terceiros<\/span><\/h2><p><span style=\"color: #000000;\">O site pode conter links para sites ou servi\u00e7os de terceiros para sua conveni\u00eancia. A Ferkart n\u00e3o controla nem endossa esses sites e n\u00e3o \u00e9 respons\u00e1vel por seu conte\u00fado, pol\u00edticas ou pr\u00e1ticas.<\/span><\/p><h2><span style=\"color: #000000; font-family: Race-Sport, sans-serif; font-size: 20px;\">6. Limita\u00e7\u00e3o de responsabilidade<\/span><\/h2><p><span style=\"color: #000000;\">A Ferkart LLC, suas afiliadas, funcion\u00e1rios e parceiros isentam-se de quaisquer garantias e n\u00e3o ser\u00e3o respons\u00e1veis por quaisquer danos decorrentes do uso ou da incapacidade de uso deste site ou de quaisquer servi\u00e7os vinculados. Isso inclui, entre outros, danos diretos, indiretos, incidentais, punitivos e consequentes.<\/span><\/p><h2><span style=\"color: #000000; font-family: Race-Sport, sans-serif; font-size: 20px;\">7. Privacidade e Cookies<\/span><\/h2><p><span style=\"color: #000000;\">O uso de dados pessoais e cookies neste site \u00e9 regido por nossa <a href=\"\/pt\/politica-de-privacidade\/\"><u>pol\u00edtica de privacidade<\/u><\/a>, que voc\u00ea deve revisar cuidadosamente.<\/span><\/p><h2><span style=\"color: #000000; font-family: Race-Sport, sans-serif; font-size: 20px;\">8. Lei aplic\u00e1vel e jurisdi\u00e7\u00e3o<\/span><\/h2><p><span style=\"color: #000000;\">Estes Termos e Condi\u00e7\u00f5es s\u00e3o regidos e interpretados de acordo com as leis do Estado da Fl\u00f3rida, Estados Unidos.<\/span><\/p><p><span style=\"color: #000000;\">Quaisquer disputas decorrentes ou relacionadas a estes Termos estar\u00e3o sujeitas \u00e0 jurisdi\u00e7\u00e3o exclusiva dos tribunais localizados na Fl\u00f3rida.<\/span><\/p><h2><span style=\"color: #000000; font-family: Race-Sport, sans-serif; font-size: 20px;\">9. Informa\u00e7\u00f5es de contato<\/span><\/h2><p><span style=\"color: #000000;\">\u2013 Para consultas gerais ou de clientes:<\/span><\/p><p><span style=\"color: #000000;\"><strong>Ferkart LLC<\/strong><\/span><br \/><span style=\"color: #000000;\">610 E Zack St Ste 110<\/span><br \/><span style=\"color: #000000;\">Tampa, Fl\u00f3rida 33602<br \/>Estados Unidos<\/span><br \/><span style=\"color: #000000;\">E-mail: <a href=\"mailto:info@ferkart.com\">info@ferkart.com<\/a><\/span><\/p><p><span style=\"color: #000000;\">\u2013 Para Avisos Legais \/ Correspond\u00eancia Oficial:<\/span><\/p><p><strong><span style=\"color: #000000;\">Agente Registrado da Rep\u00fablica LLC<\/span><\/strong><br data-start=\"807\" data-end=\"810\" \/><span style=\"color: #000000;\">36 Russ Street, 3\u00ba andar<\/span><br data-start=\"835\" data-end=\"838\" \/><span style=\"color: #000000;\">Hartford, Connecticut 06106<br \/>Estados Unidos<\/span><\/p><h2><span style=\"color: #000000; font-family: Race-Sport, sans-serif; font-size: 20px;\">10. Aceita\u00e7\u00e3o<\/span><\/h2><p><span style=\"color: #000000;\">Ao usar este site, voc\u00ea reconhece que leu, entendeu e concorda em ficar vinculado a estes Termos e Condi\u00e7\u00f5es.<\/span><\/p><p><span style=\"color: #000000;\">\u00a9 2025 Ferkart. Todos os direitos reservados.<\/span><\/p>\t\t\t\t\t\t\t\t<\/div>\n\t\t\t\t<\/div>\n\t\t\t\t\t<\/div>\n\t\t<\/div>\n\t\t\t\t\t<\/div>\n\t\t<\/section>\n\t\t\t\t<\/div>","protected":false},"excerpt":{"rendered":"<p>Terms and Conditions Drive Safe \u2014 Know the Rules Before You Race At Ferkart, just like on the track, clear rules keep everything running smoothly. Before you take the wheel on our website or services, please read these terms carefully. They set out your rights and responsibilities when using Ferkart\u2019s products, services, and online resources. [&hellip;]<\/p>\n","protected":false},"author":10,"featured_media":0,"parent":0,"menu_order":0,"comment_status":"closed","ping_status":"closed","template":"elementor_header_footer","meta":{"footnotes":""},"class_list":["post-16283","page","type-page","status-publish","hentry"],"yoast_head":"<!-- This site is optimized with the Yoast SEO Premium plugin v27.2 (Yoast SEO v27.3) - https:\/\/yoast.com\/product\/yoast-seo-premium-wordpress\/ -->\n<title>Terms and Conditions | Ferkart<\/title>\n<meta name=\"description\" content=\"Read Ferkart\u2019s Terms &amp; Conditions for details on go-kart sales, warranties, website use, and customer responsibilities.\" \/>\n<meta name=\"robots\" content=\"index, follow, max-snippet:-1, max-image-preview:large, max-video-preview:-1\" \/>\n<link rel=\"canonical\" href=\"https:\/\/ferkart.com\/pt\/termos-e-condicoes\/\" \/>\n<meta property=\"og:locale\" content=\"pt_BR\" \/>\n<meta property=\"og:type\" content=\"article\" \/>\n<meta property=\"og:title\" content=\"Terms and Conditions | Ferkart\" \/>\n<meta property=\"og:description\" content=\"Read Ferkart\u2019s Terms &amp; Conditions for details on go-kart sales, warranties, website use, and customer responsibilities.\" \/>\n<meta property=\"og:url\" content=\"https:\/\/ferkart.com\/pt\/termos-e-condicoes\/\" \/>\n<meta property=\"og:site_name\" content=\"Ferkart \u2013 Matchless Racing Experience\" \/>\n<meta property=\"article:publisher\" content=\"https:\/\/www.facebook.com\/ferkartofficial\" \/>\n<meta property=\"article:modified_time\" content=\"2025-09-30T14:19:03+00:00\" \/>\n<meta property=\"og:image\" content=\"https:\/\/ferkart.com\/wp-content\/uploads\/2025\/07\/Website-Snippet-FK.jpg\" \/>\n\t<meta property=\"og:image:width\" content=\"1785\" \/>\n\t<meta property=\"og:image:height\" content=\"1201\" \/>\n\t<meta property=\"og:image:type\" content=\"image\/jpeg\" \/>\n<meta name=\"twitter:card\" content=\"summary_large_image\" \/>\n<meta name=\"twitter:site\" content=\"@ferkartofficial\" \/>\n<meta name=\"twitter:label1\" content=\"Est. tempo de leitura\" \/>\n\t<meta name=\"twitter:data1\" content=\"3 minutos\" \/>\n<script type=\"application\/ld+json\" class=\"yoast-schema-graph\">{\"@context\":\"https:\\\/\\\/schema.org\",\"@graph\":[{\"@type\":\"WebPage\",\"@id\":\"https:\\\/\\\/ferkart.com\\\/terms-and-conditions\\\/\",\"url\":\"https:\\\/\\\/ferkart.com\\\/terms-and-conditions\\\/\",\"name\":\"Terms and Conditions | Ferkart\",\"isPartOf\":{\"@id\":\"https:\\\/\\\/ferkart.com\\\/#website\"},\"datePublished\":\"2025-07-04T19:19:33+00:00\",\"dateModified\":\"2025-09-30T14:19:03+00:00\",\"description\":\"Read Ferkart\u2019s Terms & Conditions for details on go-kart sales, warranties, website use, and customer responsibilities.\",\"breadcrumb\":{\"@id\":\"https:\\\/\\\/ferkart.com\\\/terms-and-conditions\\\/#breadcrumb\"},\"inLanguage\":\"pt-BR\",\"potentialAction\":[{\"@type\":\"ReadAction\",\"target\":[\"https:\\\/\\\/ferkart.com\\\/terms-and-conditions\\\/\"]}]},{\"@type\":\"BreadcrumbList\",\"@id\":\"https:\\\/\\\/ferkart.com\\\/terms-and-conditions\\\/#breadcrumb\",\"itemListElement\":[{\"@type\":\"ListItem\",\"position\":1,\"name\":\"Home\",\"item\":\"https:\\\/\\\/ferkart.com\\\/\"},{\"@type\":\"ListItem\",\"position\":2,\"name\":\"Terms and Conditions | Ferkart\"}]},{\"@type\":\"WebSite\",\"@id\":\"https:\\\/\\\/ferkart.com\\\/#website\",\"url\":\"https:\\\/\\\/ferkart.com\\\/\",\"name\":\"Ferkart\",\"description\":\"Ferkart manufactures high-performance electric and gasoline go-karts for the rental and commercial karting industry. Known for durability, reliability, and advanced technology, we deliver fast, safe, and thrilling racing experiences worldwide.\",\"publisher\":{\"@id\":\"https:\\\/\\\/ferkart.com\\\/#organization\"},\"potentialAction\":[{\"@type\":\"SearchAction\",\"target\":{\"@type\":\"EntryPoint\",\"urlTemplate\":\"https:\\\/\\\/ferkart.com\\\/?s={search_term_string}\"},\"query-input\":{\"@type\":\"PropertyValueSpecification\",\"valueRequired\":true,\"valueName\":\"search_term_string\"}}],\"inLanguage\":\"pt-BR\"},{\"@type\":\"Organization\",\"@id\":\"https:\\\/\\\/ferkart.com\\\/#organization\",\"name\":\"Ferkart\",\"url\":\"https:\\\/\\\/ferkart.com\\\/\",\"logo\":{\"@type\":\"ImageObject\",\"inLanguage\":\"pt-BR\",\"@id\":\"https:\\\/\\\/ferkart.com\\\/#\\\/schema\\\/logo\\\/image\\\/\",\"url\":\"https:\\\/\\\/ferkart.com\\\/wp-content\\\/uploads\\\/2025\\\/07\\\/Ferkart-Email-Signature.png\",\"contentUrl\":\"https:\\\/\\\/ferkart.com\\\/wp-content\\\/uploads\\\/2025\\\/07\\\/Ferkart-Email-Signature.png\",\"width\":2560,\"height\":2560,\"caption\":\"Ferkart\"},\"image\":{\"@id\":\"https:\\\/\\\/ferkart.com\\\/#\\\/schema\\\/logo\\\/image\\\/\"},\"sameAs\":[\"https:\\\/\\\/www.facebook.com\\\/ferkartofficial\",\"https:\\\/\\\/x.com\\\/ferkartofficial\",\"https:\\\/\\\/instagram.com\\\/ferkartofficial\",\"https:\\\/\\\/www.youtube.com\\\/@ferkartofficial\"],\"description\":\"Ferkart is a global leader in the design and manufacturing of premium rental go-karts and turnkey karting solutions. We specialize in both electric go-karts and gasoline-powered karts, engineered to deliver unmatched performance, durability, and driver satisfaction.\",\"email\":\"info@ferkart.com\",\"telephone\":\"6469464405\",\"legalName\":\"Ferkart LLC\",\"foundingDate\":\"2019-04-26\",\"numberOfEmployees\":{\"@type\":\"QuantitativeValue\",\"minValue\":\"11\",\"maxValue\":\"50\"}}]}<\/script>\n<!-- \/ Yoast SEO Premium plugin. -->","yoast_head_json":{"title":"Termos e Condi\u00e7\u00f5es | Ferkart","description":"Leia os Termos e Condi\u00e7\u00f5es da Ferkart para obter detalhes sobre vendas de karts, garantias, uso do site e responsabilidades do cliente.","robots":{"index":"index","follow":"follow","max-snippet":"max-snippet:-1","max-image-preview":"max-image-preview:large","max-video-preview":"max-video-preview:-1"},"canonical":"https:\/\/ferkart.com\/pt\/termos-e-condicoes\/","og_locale":"pt_BR","og_type":"article","og_title":"Terms and Conditions | Ferkart","og_description":"Read Ferkart\u2019s Terms & Conditions for details on go-kart sales, warranties, website use, and customer responsibilities.","og_url":"https:\/\/ferkart.com\/pt\/termos-e-condicoes\/","og_site_name":"Ferkart \u2013 Matchless Racing Experience","article_publisher":"https:\/\/www.facebook.com\/ferkartofficial","article_modified_time":"2025-09-30T14:19:03+00:00","og_image":[{"width":1785,"height":1201,"url":"https:\/\/ferkart.com\/wp-content\/uploads\/2025\/07\/Website-Snippet-FK.jpg","type":"image\/jpeg"}],"twitter_card":"summary_large_image","twitter_site":"@ferkartofficial","twitter_misc":{"Est. tempo de leitura":"3 minutos"},"schema":{"@context":"https:\/\/schema.org","@graph":[{"@type":"WebPage","@id":"https:\/\/ferkart.com\/terms-and-conditions\/","url":"https:\/\/ferkart.com\/terms-and-conditions\/","name":"Termos e Condi\u00e7\u00f5es | Ferkart","isPartOf":{"@id":"https:\/\/ferkart.com\/#website"},"datePublished":"2025-07-04T19:19:33+00:00","dateModified":"2025-09-30T14:19:03+00:00","description":"Leia os Termos e Condi\u00e7\u00f5es da Ferkart para obter detalhes sobre vendas de karts, garantias, uso do site e responsabilidades do cliente.","breadcrumb":{"@id":"https:\/\/ferkart.com\/terms-and-conditions\/#breadcrumb"},"inLanguage":"pt-BR","potentialAction":[{"@type":"ReadAction","target":["https:\/\/ferkart.com\/terms-and-conditions\/"]}]},{"@type":"BreadcrumbList","@id":"https:\/\/ferkart.com\/terms-and-conditions\/#breadcrumb","itemListElement":[{"@type":"ListItem","position":1,"name":"Home","item":"https:\/\/ferkart.com\/"},{"@type":"ListItem","position":2,"name":"Terms and Conditions | Ferkart"}]},{"@type":"WebSite","@id":"https:\/\/ferkart.com\/#website","url":"https:\/\/ferkart.com\/","name":"Ferkart","description":"A Ferkart fabrica karts el\u00e9tricos e a gasolina de alto desempenho para o setor de karting comercial e de aluguel. Reconhecidos por sua durabilidade, confiabilidade e tecnologia avan\u00e7ada, proporcionamos experi\u00eancias de corrida r\u00e1pidas, seguras e emocionantes em todo o mundo.","publisher":{"@id":"https:\/\/ferkart.com\/#organization"},"potentialAction":[{"@type":"SearchAction","target":{"@type":"EntryPoint","urlTemplate":"https:\/\/ferkart.com\/?s={search_term_string}"},"query-input":{"@type":"PropertyValueSpecification","valueRequired":true,"valueName":"search_term_string"}}],"inLanguage":"pt-BR"},{"@type":"Organization","@id":"https:\/\/ferkart.com\/#organization","name":"Ferkart","url":"https:\/\/ferkart.com\/","logo":{"@type":"ImageObject","inLanguage":"pt-BR","@id":"https:\/\/ferkart.com\/#\/schema\/logo\/image\/","url":"https:\/\/ferkart.com\/wp-content\/uploads\/2025\/07\/Ferkart-Email-Signature.png","contentUrl":"https:\/\/ferkart.com\/wp-content\/uploads\/2025\/07\/Ferkart-Email-Signature.png","width":2560,"height":2560,"caption":"Ferkart"},"image":{"@id":"https:\/\/ferkart.com\/#\/schema\/logo\/image\/"},"sameAs":["https:\/\/www.facebook.com\/ferkartofficial","https:\/\/x.com\/ferkartofficial","https:\/\/instagram.com\/ferkartofficial","https:\/\/www.youtube.com\/@ferkartofficial"],"description":"Ferkart \u00e9 l\u00edder global em design e fabrica\u00e7\u00e3o de karts premium para aluguel e solu\u00e7\u00f5es completas de kart. Somos especializados em karts el\u00e9tricos e a gasolina, projetados para oferecer desempenho, durabilidade e satisfa\u00e7\u00e3o do motorista incompar\u00e1veis.","email":"info@ferkart.com","telephone":"6469464405","legalName":"Ferkart LLC","foundingDate":"2019-04-26","numberOfEmployees":{"@type":"QuantitativeValue","minValue":"11","maxValue":"50"}}]}},"_links":{"self":[{"href":"https:\/\/ferkart.com\/pt\/wp-json\/wp\/v2\/pages\/16283","targetHints":{"allow":["GET"]}}],"collection":[{"href":"https:\/\/ferkart.com\/pt\/wp-json\/wp\/v2\/pages"}],"about":[{"href":"https:\/\/ferkart.com\/pt\/wp-json\/wp\/v2\/types\/page"}],"author":[{"embeddable":true,"href":"https:\/\/ferkart.com\/pt\/wp-json\/wp\/v2\/users\/10"}],"replies":[{"embeddable":true,"href":"https:\/\/ferkart.com\/pt\/wp-json\/wp\/v2\/comments?post=16283"}],"version-history":[{"count":0,"href":"https:\/\/ferkart.com\/pt\/wp-json\/wp\/v2\/pages\/16283\/revisions"}],"wp:attachment":[{"href":"https:\/\/ferkart.com\/pt\/wp-json\/wp\/v2\/media?parent=16283"}],"curies":[{"name":"wp","href":"https:\/\/api.w.org\/{rel}","templated":true}]}}